{"id":12854,"date":"2023-05-04T11:13:56","date_gmt":"2023-05-04T09:13:56","guid":{"rendered":"https:\/\/www.fleurop-home.ch\/?product=kronen-lichtnelke-lychnis-coronaria"},"modified":"2026-04-28T11:27:59","modified_gmt":"2026-04-28T09:27:59","slug":"kronen-lichtnelke-lychnis-coronaria","status":"publish","type":"product","link":"https:\/\/www.fleurop-home.ch\/de-ch\/p\/kronen-lichtnelke-lychnis-coronaria","title":{"rendered":"Kronen-Lichtnelke &#8211; Lychnis coronaria"},"content":{"rendered":"<p>Die Kronen-Lichtnelke Atrosanguinea besticht durch ihre leuchtend rosa Bl\u00fcten und eignet sich hervorragend f\u00fcr gemischte Rabatten, Steing\u00e4rten oder Topfg\u00e4rten. Dank ihrer robusten Natur ist sie winterhart und bietet langanhaltende Freude in deinem Garten. Die Bl\u00fcten sind nicht nur als haltbare Schnittblumen beliebt, sondern unterst\u00fctzen auch die Artenvielfalt, da sie zahlreiche Insekten anziehen. An einem sonnigen Standort mit durchl\u00e4ssigem Boden und m\u00e4ssiger Wasserversorgung entfaltet diese Bl\u00fctenstaude ihre volle Pracht. Mit Blumenpracht aus Urkraft und Suisse Garantie setzt du auf eine zuverl\u00e4ssige und regional produzierte Pflanze aus der Schweiz.<\/p>\n<p>H\u00f6he: 100 cm<br \/>\nTopf Gr\u00f6sse: 25 er Topf<br \/>\nWinterh\u00e4rte: winterhart<br \/>\nLicht: sonnig<br \/>\nBl\u00fctezeit: Juni bis Juli<br \/>\nBoden: durchl\u00e4ssig<\/p>\n","protected":false},"excerpt":{"rendered":"<p>Kronen-Lichtnelke Atrosanguinea \u2013 rosa Bl\u00fctenstaude aus Schweizer Produktion<\/p>\n","protected":false},"featured_media":42954,"template":"","meta":[],"product_brand":[],"product_cat":[109,34,41],"product_tag":[299],"woo-feed-brand":[],"class_list":{"0":"post-12854","1":"product","2":"type-product","3":"status-publish","4":"has-post-thumbnail","6":"product_cat-saisonale-pflanzen","7":"product_cat-garten-balkon","8":"product_cat-outdoorpflanzen","9":"product_tag-santispracht","11":"first","12":"instock","13":"taxable","14":"shipping-taxable","15":"purchasable","16":"product-type-simple"},"_links":{"self":[{"href":"https:\/\/www.fleurop-home.ch\/de-ch\/wp-json\/wp\/v2\/product\/12854","targetHints":{"allow":["GET"]}}],"collection":[{"href":"https:\/\/www.fleurop-home.ch\/de-ch\/wp-json\/wp\/v2\/product"}],"about":[{"href":"https:\/\/www.fleurop-home.ch\/de-ch\/wp-json\/wp\/v2\/types\/product"}],"wp:featuredmedia":[{"embeddable":true,"href":"https:\/\/www.fleurop-home.ch\/de-ch\/wp-json\/wp\/v2\/media\/42954"}],"wp:attachment":[{"href":"https:\/\/www.fleurop-home.ch\/de-ch\/wp-json\/wp\/v2\/media?parent=12854"}],"wp:term":[{"taxonomy":"product_brand","embeddable":true,"href":"https:\/\/www.fleurop-home.ch\/de-ch\/wp-json\/wp\/v2\/product_brand?post=12854"},{"taxonomy":"product_cat","embeddable":true,"href":"https:\/\/www.fleurop-home.ch\/de-ch\/wp-json\/wp\/v2\/product_cat?post=12854"},{"taxonomy":"product_tag","embeddable":true,"href":"https:\/\/www.fleurop-home.ch\/de-ch\/wp-json\/wp\/v2\/product_tag?post=12854"},{"taxonomy":"woo-feed-brand","embeddable":true,"href":"https:\/\/www.fleurop-home.ch\/de-ch\/wp-json\/wp\/v2\/woo-feed-brand?post=12854"}],"curies":[{"name":"wp","href":"https:\/\/api.w.org\/{rel}","templated":true}]}}