{"id":12840,"date":"2023-05-04T11:13:44","date_gmt":"2023-05-04T09:13:44","guid":{"rendered":"https:\/\/www.fleurop-home.ch\/?product=fenchel-foeniculum-vulgare"},"modified":"2026-04-21T09:45:11","modified_gmt":"2026-04-21T07:45:11","slug":"fenchel-foeniculum-vulgare","status":"publish","type":"product","link":"https:\/\/www.fleurop-home.ch\/de-ch\/p\/fenchel-foeniculum-vulgare","title":{"rendered":"Fenchel &#8211; Foeniculum vulgare"},"content":{"rendered":"<p>Der Fenchel &#8218;Smokey&#8216; bringt mit seinem einzigartigen, rauchfarbigen Laub und den gelben Bl\u00fcten naturverbundene Akzente in den Garten. Diese winterharte Staude stammt zu 100 % aus Schweizer Produktion und eignet sich hervorragend f\u00fcr Bauern- und Naturg\u00e4rten, Staudenbeete sowie Gem\u00fcseg\u00e4rten. Die duftenden Bl\u00fctendolden locken Bienen und Schmetterlinge an und tragen zum \u00f6kologischen Gleichgewicht bei. Am besten gedeiht der Fenchel an sonnigen bis halbschattigen Standorten mit durchl\u00e4ssigem Boden und m\u00e4ssiger Wasserversorgung. Dank seiner Wuchsh\u00f6he von bis zu zwei Metern setzt er attraktive Akzente und \u00fcberzeugt durch seine Herkunft mit Suisse Garantie \u2013 ein Zeichen f\u00fcr regionale Blumenpracht aus Urkraft.<\/p>\n<p>H\u00f6he: 200 cm<br \/>\nTopf Gr\u00f6sse: 25 er Topf<br \/>\nWinterh\u00e4rte: winterhart<br \/>\nLicht: sonnig bis halbschattig<br \/>\nBl\u00fctezeit: Juli bis August<br \/>\nBoden: durchl\u00e4ssig<\/p>\n","protected":false},"excerpt":{"rendered":"<p>Fenchel &#8218;Smokey&#8216; \u2013 Zierfenchel f\u00fcr naturnahe G\u00e4rten aus Schweizer Produktion<\/p>\n","protected":false},"featured_media":34155,"template":"","meta":[],"product_brand":[],"product_cat":[109,34,41],"product_tag":[299],"woo-feed-brand":[],"class_list":{"0":"post-12840","1":"product","2":"type-product","3":"status-publish","4":"has-post-thumbnail","6":"product_cat-saisonale-pflanzen","7":"product_cat-garten-balkon","8":"product_cat-outdoorpflanzen","9":"product_tag-santispracht","11":"first","12":"instock","13":"taxable","14":"shipping-taxable","15":"purchasable","16":"product-type-simple"},"_links":{"self":[{"href":"https:\/\/www.fleurop-home.ch\/de-ch\/wp-json\/wp\/v2\/product\/12840","targetHints":{"allow":["GET"]}}],"collection":[{"href":"https:\/\/www.fleurop-home.ch\/de-ch\/wp-json\/wp\/v2\/product"}],"about":[{"href":"https:\/\/www.fleurop-home.ch\/de-ch\/wp-json\/wp\/v2\/types\/product"}],"wp:featuredmedia":[{"embeddable":true,"href":"https:\/\/www.fleurop-home.ch\/de-ch\/wp-json\/wp\/v2\/media\/34155"}],"wp:attachment":[{"href":"https:\/\/www.fleurop-home.ch\/de-ch\/wp-json\/wp\/v2\/media?parent=12840"}],"wp:term":[{"taxonomy":"product_brand","embeddable":true,"href":"https:\/\/www.fleurop-home.ch\/de-ch\/wp-json\/wp\/v2\/product_brand?post=12840"},{"taxonomy":"product_cat","embeddable":true,"href":"https:\/\/www.fleurop-home.ch\/de-ch\/wp-json\/wp\/v2\/product_cat?post=12840"},{"taxonomy":"product_tag","embeddable":true,"href":"https:\/\/www.fleurop-home.ch\/de-ch\/wp-json\/wp\/v2\/product_tag?post=12840"},{"taxonomy":"woo-feed-brand","embeddable":true,"href":"https:\/\/www.fleurop-home.ch\/de-ch\/wp-json\/wp\/v2\/woo-feed-brand?post=12840"}],"curies":[{"name":"wp","href":"https:\/\/api.w.org\/{rel}","templated":true}]}}