{"id":12384,"date":"2023-05-04T10:51:56","date_gmt":"2023-05-04T08:51:56","guid":{"rendered":"https:\/\/www.fleurop-home.ch\/?product=leimkraut-silene-maritima"},"modified":"2026-04-28T09:30:21","modified_gmt":"2026-04-28T07:30:21","slug":"leimkraut-silene-maritima","status":"publish","type":"product","link":"https:\/\/www.fleurop-home.ch\/de-ch\/p\/leimkraut-silene-maritima","title":{"rendered":"Leimkraut &#8211; Silene maritima"},"content":{"rendered":"<p>Silene maritima Reinweiss \u00fcberzeugt als wintergr\u00fcne und winterharte Staude, die sonnige Standorte bevorzugt. Von Mai bis September \u00f6ffnen sich zahlreiche weisse Bl\u00fcten, welche Bienen und andere Insekten anziehen. Diese Art entwickelt sich am besten in durchl\u00e4ssigem Boden und ben\u00f6tigt eine m\u00e4ssige Wasserversorgung. Das Leimkraut eignet sich nicht nur f\u00fcr Alpen- und Steing\u00e4rten, sondern auch f\u00fcr Tr\u00f6ge oder diverse Pflanzgef\u00e4sse. Seine robuste Art und die Vielfalt an Einsatzm\u00f6glichkeiten bringen dauerhafte Freude in G\u00e4rten und auf Terrassen \u2013 stets mit Blumenpracht aus Urkraft und 100 % Schweizer Produktion.<\/p>\n<p>H\u00f6he: 25 cm<br \/>\nTopf Gr\u00f6sse: 16 er Topf<br \/>\nWinterh\u00e4rte: winterhart<br \/>\nLicht: sonnig<br \/>\nBl\u00fctezeit: Mai bis September<br \/>\nBoden: durchl\u00e4ssig<\/p>\n","protected":false},"excerpt":{"rendered":"<p>Silene maritima Reinweiss \u2013 Winterhartes Leimkraut f\u00fcr sonnige Gartenstandorte<\/p>\n","protected":false},"featured_media":43065,"template":"","meta":[],"product_brand":[],"product_cat":[109,34,41],"product_tag":[299],"woo-feed-brand":[],"class_list":{"0":"post-12384","1":"product","2":"type-product","3":"status-publish","4":"has-post-thumbnail","6":"product_cat-saisonale-pflanzen","7":"product_cat-garten-balkon","8":"product_cat-outdoorpflanzen","9":"product_tag-santispracht","11":"first","12":"instock","13":"taxable","14":"shipping-taxable","15":"purchasable","16":"product-type-simple"},"_links":{"self":[{"href":"https:\/\/www.fleurop-home.ch\/de-ch\/wp-json\/wp\/v2\/product\/12384","targetHints":{"allow":["GET"]}}],"collection":[{"href":"https:\/\/www.fleurop-home.ch\/de-ch\/wp-json\/wp\/v2\/product"}],"about":[{"href":"https:\/\/www.fleurop-home.ch\/de-ch\/wp-json\/wp\/v2\/types\/product"}],"wp:featuredmedia":[{"embeddable":true,"href":"https:\/\/www.fleurop-home.ch\/de-ch\/wp-json\/wp\/v2\/media\/43065"}],"wp:attachment":[{"href":"https:\/\/www.fleurop-home.ch\/de-ch\/wp-json\/wp\/v2\/media?parent=12384"}],"wp:term":[{"taxonomy":"product_brand","embeddable":true,"href":"https:\/\/www.fleurop-home.ch\/de-ch\/wp-json\/wp\/v2\/product_brand?post=12384"},{"taxonomy":"product_cat","embeddable":true,"href":"https:\/\/www.fleurop-home.ch\/de-ch\/wp-json\/wp\/v2\/product_cat?post=12384"},{"taxonomy":"product_tag","embeddable":true,"href":"https:\/\/www.fleurop-home.ch\/de-ch\/wp-json\/wp\/v2\/product_tag?post=12384"},{"taxonomy":"woo-feed-brand","embeddable":true,"href":"https:\/\/www.fleurop-home.ch\/de-ch\/wp-json\/wp\/v2\/woo-feed-brand?post=12384"}],"curies":[{"name":"wp","href":"https:\/\/api.w.org\/{rel}","templated":true}]}}