{"id":12325,"date":"2023-05-04T10:51:05","date_gmt":"2023-05-04T08:51:05","guid":{"rendered":"https:\/\/www.fleurop-home.ch\/?product=strandflieder-limonium-perezii"},"modified":"2026-04-28T11:36:08","modified_gmt":"2026-04-28T09:36:08","slug":"strandflieder-limonium-perezii","status":"publish","type":"product","link":"https:\/\/www.fleurop-home.ch\/de-ch\/p\/strandflieder-limonium-perezii","title":{"rendered":"Strandflieder &#8211; Limonium perezii"},"content":{"rendered":"<p>Der Strandflieder Purple Parachute eignet sich hervorragend als langlebige Bl\u00fctenstaude f\u00fcr Gruppenpflanzungen im Beet oder als attraktiver Solit\u00e4r im K\u00fcbel. Seine \u00fcberraschend tiefblauen Bl\u00fcten machen ihn zu einer ausgezeichneten Trockenblume. Mit seiner Winterh\u00e4rte trotzt diese Pflanze tieferen Temperaturen und schafft gleichzeitig wertvolle Nektarquellen f\u00fcr Schmetterlinge. Der Strandflieder bevorzugt einen sonnigen Standort, liebt durchl\u00e4ssigen Boden und kommt mit wenig Wasser aus. Als Teil der 100 % Schweizer Produktion steht diese Staude f\u00fcr regionale Qualit\u00e4t und \u00f6kologischen Mehrwert im Garten.<\/p>\n<p>H\u00f6he: 60 cm<br \/>\nTopf Gr\u00f6sse: 16 er Topf<br \/>\nWinterh\u00e4rte: winterhart<br \/>\nLicht: sonnig<br \/>\nBl\u00fctezeit: Mai bis Juli<br \/>\nBoden: durchl\u00e4ssig<\/p>\n","protected":false},"excerpt":{"rendered":"<p>Strandflieder Purple Parachute \u2013 winterharte Bl\u00fctenstaude aus Schweizer Produktion<\/p>\n","protected":false},"featured_media":42948,"template":"","meta":[],"product_brand":[],"product_cat":[109,34,41],"product_tag":[299],"woo-feed-brand":[],"class_list":{"0":"post-12325","1":"product","2":"type-product","3":"status-publish","4":"has-post-thumbnail","6":"product_cat-saisonale-pflanzen","7":"product_cat-garten-balkon","8":"product_cat-outdoorpflanzen","9":"product_tag-santispracht","11":"first","12":"instock","13":"taxable","14":"shipping-taxable","15":"purchasable","16":"product-type-simple"},"_links":{"self":[{"href":"https:\/\/www.fleurop-home.ch\/de-ch\/wp-json\/wp\/v2\/product\/12325","targetHints":{"allow":["GET"]}}],"collection":[{"href":"https:\/\/www.fleurop-home.ch\/de-ch\/wp-json\/wp\/v2\/product"}],"about":[{"href":"https:\/\/www.fleurop-home.ch\/de-ch\/wp-json\/wp\/v2\/types\/product"}],"wp:featuredmedia":[{"embeddable":true,"href":"https:\/\/www.fleurop-home.ch\/de-ch\/wp-json\/wp\/v2\/media\/42948"}],"wp:attachment":[{"href":"https:\/\/www.fleurop-home.ch\/de-ch\/wp-json\/wp\/v2\/media?parent=12325"}],"wp:term":[{"taxonomy":"product_brand","embeddable":true,"href":"https:\/\/www.fleurop-home.ch\/de-ch\/wp-json\/wp\/v2\/product_brand?post=12325"},{"taxonomy":"product_cat","embeddable":true,"href":"https:\/\/www.fleurop-home.ch\/de-ch\/wp-json\/wp\/v2\/product_cat?post=12325"},{"taxonomy":"product_tag","embeddable":true,"href":"https:\/\/www.fleurop-home.ch\/de-ch\/wp-json\/wp\/v2\/product_tag?post=12325"},{"taxonomy":"woo-feed-brand","embeddable":true,"href":"https:\/\/www.fleurop-home.ch\/de-ch\/wp-json\/wp\/v2\/woo-feed-brand?post=12325"}],"curies":[{"name":"wp","href":"https:\/\/api.w.org\/{rel}","templated":true}]}}