{"id":12271,"date":"2023-05-04T10:50:37","date_gmt":"2023-05-04T08:50:37","guid":{"rendered":"https:\/\/www.fleurop-home.ch\/?product=nelkenwurz-geum-coccineum-1709041636"},"modified":"2026-04-21T09:46:07","modified_gmt":"2026-04-21T07:46:07","slug":"nelkenwurz-geum-coccineum-3","status":"publish","type":"product","link":"https:\/\/www.fleurop-home.ch\/de-ch\/p\/nelkenwurz-geum-coccineum-3","title":{"rendered":"Nelkenwurz &#8211; Geum coccineum"},"content":{"rendered":"<p>Die Nelkenwurz Flames of Passion ist eine vielseitig einsetzbare Bl\u00fctenstaude, die mit ihrer intensiven roten Bl\u00fctenfarbe Akzente im Garten setzt. Besonders gut gedeiht sie an sonnigen Standorten, wobei ein durchl\u00e4ssiger Boden und eine m\u00e4ssige Wasserversorgung empfehlenswert sind. Ob in Hang- und Fl\u00e4chenbepflanzungen, Mischrabatten, Blumenbeeten oder Steing\u00e4rten \u2013 diese robuste Staude ist ein Gewinn f\u00fcr jeden Gartenfreund. Als ausgewiesene Bienenweide leistet sie zudem einen wichtigen Beitrag zur F\u00f6rderung der heimischen Insektenwelt. Ihre Herkunft aus 100 % Schweizer Produktion garantiert Qualit\u00e4t und Nachhaltigkeit, w\u00e4hrend ihre Winterh\u00e4rte daf\u00fcr sorgt, dass sie auch in den kalten Monaten zuverl\u00e4ssig im Garten verbleiben kann.<\/p>\n<p>H\u00f6he: 60 cm<br \/>\nTopf Gr\u00f6sse: 16 er Topf<br \/>\nWinterh\u00e4rte: winterhart<br \/>\nLicht: sonnig<br \/>\nBl\u00fctezeit: Mai bis September<br \/>\nBoden: durchl\u00e4ssig<\/p>\n","protected":false},"excerpt":{"rendered":"<p>Nelkenwurz Flames of Passion \u2013 robuste Bl\u00fctenstaude f\u00fcr sonnige Gartenpl\u00e4tze<\/p>\n","protected":false},"featured_media":42840,"template":"","meta":[],"product_brand":[],"product_cat":[109,34,41],"product_tag":[299],"woo-feed-brand":[],"class_list":{"0":"post-12271","1":"product","2":"type-product","3":"status-publish","4":"has-post-thumbnail","6":"product_cat-saisonale-pflanzen","7":"product_cat-garten-balkon","8":"product_cat-outdoorpflanzen","9":"product_tag-santispracht","11":"first","12":"instock","13":"taxable","14":"shipping-taxable","15":"purchasable","16":"product-type-simple"},"_links":{"self":[{"href":"https:\/\/www.fleurop-home.ch\/de-ch\/wp-json\/wp\/v2\/product\/12271","targetHints":{"allow":["GET"]}}],"collection":[{"href":"https:\/\/www.fleurop-home.ch\/de-ch\/wp-json\/wp\/v2\/product"}],"about":[{"href":"https:\/\/www.fleurop-home.ch\/de-ch\/wp-json\/wp\/v2\/types\/product"}],"wp:featuredmedia":[{"embeddable":true,"href":"https:\/\/www.fleurop-home.ch\/de-ch\/wp-json\/wp\/v2\/media\/42840"}],"wp:attachment":[{"href":"https:\/\/www.fleurop-home.ch\/de-ch\/wp-json\/wp\/v2\/media?parent=12271"}],"wp:term":[{"taxonomy":"product_brand","embeddable":true,"href":"https:\/\/www.fleurop-home.ch\/de-ch\/wp-json\/wp\/v2\/product_brand?post=12271"},{"taxonomy":"product_cat","embeddable":true,"href":"https:\/\/www.fleurop-home.ch\/de-ch\/wp-json\/wp\/v2\/product_cat?post=12271"},{"taxonomy":"product_tag","embeddable":true,"href":"https:\/\/www.fleurop-home.ch\/de-ch\/wp-json\/wp\/v2\/product_tag?post=12271"},{"taxonomy":"woo-feed-brand","embeddable":true,"href":"https:\/\/www.fleurop-home.ch\/de-ch\/wp-json\/wp\/v2\/woo-feed-brand?post=12271"}],"curies":[{"name":"wp","href":"https:\/\/api.w.org\/{rel}","templated":true}]}}