{"id":12140,"date":"2023-05-03T10:47:09","date_gmt":"2023-05-03T08:47:09","guid":{"rendered":"https:\/\/www.fleurop-home.ch\/?product=kapmargerite-osteospermum-ecklonis-1709041340"},"modified":"2026-05-05T09:19:52","modified_gmt":"2026-05-05T07:19:52","slug":"kapmargerite-osteospermum-ecklonis","status":"publish","type":"product","link":"https:\/\/www.fleurop-home.ch\/de-ch\/p\/kapmargerite-osteospermum-ecklonis","title":{"rendered":"Kapmargerite &#8211; Osteospermum ecklonis"},"content":{"rendered":"<p>Die Kapmargerite Pink Sun \u00fcberzeugt mit ihren intensiven, pinken Bl\u00fcten den ganzen Sommer hindurch \u2013 von Mai bis September. Als Saisonpflanze eignet sie sich hervorragend f\u00fcr sonnige Standorte, sei es im Gartenbeet, in Mischrabatten oder in Pflanzgef\u00e4ssen auf Balkon und Terrasse. Der robuste Sommerflor gedeiht am besten in durchl\u00e4ssigem Boden und ben\u00f6tigt eine m\u00e4ssige Wasserversorgung. Die Kapmargerite zieht mit ihrer Bl\u00fctenpracht zahlreiche Insekten an und unterst\u00fctzt so die Biodiversit\u00e4t. Sie stammt aus 100 % Schweizer Produktion und tr\u00e4gt das Suisse Garantie Label, ein Zeichen f\u00fcr hochwertige, regional produzierte Pflanzen aus verantwortungsvoller G\u00e4rtnerei.<\/p>\n<p>H\u00f6he: 25 cm<br \/>\nTopf Gr\u00f6sse: 14 er Topf<br \/>\nWinterh\u00e4rte: nicht winterhart<br \/>\nLicht: sonnig<br \/>\nBl\u00fctezeit: Mai bis September<br \/>\nBoden: durchl\u00e4ssig<br \/>\nGut f\u00fcr Insekten<\/p>\n","protected":false},"excerpt":{"rendered":"<p>Kapmargerite Pink Sun \u2013 Sommerflor f\u00fcr sonnige Standorte<\/p>\n","protected":false},"featured_media":42978,"template":"","meta":[],"product_brand":[],"product_cat":[109,34,41],"product_tag":[299],"woo-feed-brand":[],"class_list":{"0":"post-12140","1":"product","2":"type-product","3":"status-publish","4":"has-post-thumbnail","6":"product_cat-saisonale-pflanzen","7":"product_cat-garten-balkon","8":"product_cat-outdoorpflanzen","9":"product_tag-santispracht","11":"first","12":"instock","13":"taxable","14":"shipping-taxable","15":"purchasable","16":"product-type-simple"},"_links":{"self":[{"href":"https:\/\/www.fleurop-home.ch\/de-ch\/wp-json\/wp\/v2\/product\/12140","targetHints":{"allow":["GET"]}}],"collection":[{"href":"https:\/\/www.fleurop-home.ch\/de-ch\/wp-json\/wp\/v2\/product"}],"about":[{"href":"https:\/\/www.fleurop-home.ch\/de-ch\/wp-json\/wp\/v2\/types\/product"}],"wp:featuredmedia":[{"embeddable":true,"href":"https:\/\/www.fleurop-home.ch\/de-ch\/wp-json\/wp\/v2\/media\/42978"}],"wp:attachment":[{"href":"https:\/\/www.fleurop-home.ch\/de-ch\/wp-json\/wp\/v2\/media?parent=12140"}],"wp:term":[{"taxonomy":"product_brand","embeddable":true,"href":"https:\/\/www.fleurop-home.ch\/de-ch\/wp-json\/wp\/v2\/product_brand?post=12140"},{"taxonomy":"product_cat","embeddable":true,"href":"https:\/\/www.fleurop-home.ch\/de-ch\/wp-json\/wp\/v2\/product_cat?post=12140"},{"taxonomy":"product_tag","embeddable":true,"href":"https:\/\/www.fleurop-home.ch\/de-ch\/wp-json\/wp\/v2\/product_tag?post=12140"},{"taxonomy":"woo-feed-brand","embeddable":true,"href":"https:\/\/www.fleurop-home.ch\/de-ch\/wp-json\/wp\/v2\/woo-feed-brand?post=12140"}],"curies":[{"name":"wp","href":"https:\/\/api.w.org\/{rel}","templated":true}]}}