{"id":12127,"date":"2023-05-03T10:47:02","date_gmt":"2023-05-03T08:47:02","guid":{"rendered":"https:\/\/www.fleurop-home.ch\/?product=strauchbasilikum-ocimum-basilikum"},"modified":"2026-04-23T08:47:36","modified_gmt":"2026-04-23T06:47:36","slug":"strauchbasilikum-ocimum-basilicum","status":"publish","type":"product","link":"https:\/\/www.fleurop-home.ch\/de-ch\/p\/strauchbasilikum-ocimum-basilicum","title":{"rendered":"Strauchbasilikum &#8211; Ocimum basilicum"},"content":{"rendered":"<p>Strauchbasilikum Magic Blue pr\u00e4sentiert sich als attraktive Saisonpflanze und bereichert mit auffallend gr\u00fcn-violett geaderten Bl\u00e4ttern Blumenbeete, Rabatten und Kr\u00e4uterg\u00e4rten. Besonders im sonnigen Standort entwickelt diese Sorte eine dichte, buschige Wuchsform und wird bis zu 60 cm hoch. Der Kulturerfolg gelingt am besten in durchl\u00e4ssiger, n\u00e4hrstoffreicher Erde und bei regelm\u00e4ssigem, aber m\u00e4ssigem Giessen. Als Schweizer Qualit\u00e4tsprodukt bietet diese Blattschmuckstaude eine vielseitige M\u00f6glichkeit, bepflanzte Fl\u00e4chen von August bis September eindrucksvoll zu gestalten \u2013 ob im Gartenbeet oder als Erg\u00e4nzung im Topfgarten.<\/p>\n<p>H\u00f6he: 60 cm<br \/>\nTopf Gr\u00f6sse: 14 er Topf<br \/>\nWinterh\u00e4rte: nicht winterhart<br \/>\nLicht: sonnig<br \/>\nBl\u00fctezeit: August bis September<br \/>\nBoden: durchl\u00e4ssig<\/p>\n","protected":false},"excerpt":{"rendered":"<p>Strauchbasilikum Magic Blue im 14er Topf \u2013 Saisonpflanze mit violett-geaderten Bl\u00e4ttern<\/p>\n","protected":false},"featured_media":42964,"template":"","meta":[],"product_brand":[],"product_cat":[109,34,41],"product_tag":[299],"woo-feed-brand":[],"class_list":{"0":"post-12127","1":"product","2":"type-product","3":"status-publish","4":"has-post-thumbnail","6":"product_cat-saisonale-pflanzen","7":"product_cat-garten-balkon","8":"product_cat-outdoorpflanzen","9":"product_tag-santispracht","11":"first","12":"instock","13":"taxable","14":"shipping-taxable","15":"purchasable","16":"product-type-simple"},"_links":{"self":[{"href":"https:\/\/www.fleurop-home.ch\/de-ch\/wp-json\/wp\/v2\/product\/12127","targetHints":{"allow":["GET"]}}],"collection":[{"href":"https:\/\/www.fleurop-home.ch\/de-ch\/wp-json\/wp\/v2\/product"}],"about":[{"href":"https:\/\/www.fleurop-home.ch\/de-ch\/wp-json\/wp\/v2\/types\/product"}],"wp:featuredmedia":[{"embeddable":true,"href":"https:\/\/www.fleurop-home.ch\/de-ch\/wp-json\/wp\/v2\/media\/42964"}],"wp:attachment":[{"href":"https:\/\/www.fleurop-home.ch\/de-ch\/wp-json\/wp\/v2\/media?parent=12127"}],"wp:term":[{"taxonomy":"product_brand","embeddable":true,"href":"https:\/\/www.fleurop-home.ch\/de-ch\/wp-json\/wp\/v2\/product_brand?post=12127"},{"taxonomy":"product_cat","embeddable":true,"href":"https:\/\/www.fleurop-home.ch\/de-ch\/wp-json\/wp\/v2\/product_cat?post=12127"},{"taxonomy":"product_tag","embeddable":true,"href":"https:\/\/www.fleurop-home.ch\/de-ch\/wp-json\/wp\/v2\/product_tag?post=12127"},{"taxonomy":"woo-feed-brand","embeddable":true,"href":"https:\/\/www.fleurop-home.ch\/de-ch\/wp-json\/wp\/v2\/woo-feed-brand?post=12127"}],"curies":[{"name":"wp","href":"https:\/\/api.w.org\/{rel}","templated":true}]}}