{"id":11935,"date":"2023-05-03T10:44:25","date_gmt":"2023-05-03T08:44:25","guid":{"rendered":"https:\/\/www.fleurop-home.ch\/?product=eisenkraut-verbena-cultivars-1709040870"},"modified":"2026-04-28T09:34:17","modified_gmt":"2026-04-28T07:34:17","slug":"eisenkraut-verbena-cultivars","status":"publish","type":"product","link":"https:\/\/www.fleurop-home.ch\/de-ch\/p\/eisenkraut-verbena-cultivars","title":{"rendered":"Eisenkraut &#8211; Verbena Cultivars"},"content":{"rendered":"<p>Das Eisenkraut Lascar Dark Red ist ein kompakter Sommerflor, der sich ideal f\u00fcr sonnige Standorte eignet. Die leuchtend roten Bl\u00fcten pr\u00e4gen das Pflanzenbild von Mai bis Oktober und setzen eindrucksvolle Akzente in jedem Garten oder auf dem Balkon. Mit seinem h\u00e4ngenden und kriechenden Wuchs gedeiht das Eisenkraut bestens in durchl\u00e4ssigem Boden und f\u00fchlt sich besonders in Rabatten, H\u00e4nge-Ampeln sowie Balkonkisten wohl. Der Pflegeaufwand bleibt gering und ein m\u00e4ssiges Giessen gen\u00fcgt, damit die Pflanze in voller Farbenpracht \u00fcberzeugt. Produziert in 100 % Schweizer Produktion garantiert dieser Sommerflor zuverl\u00e4ssige Qualit\u00e4t und florale Freude in der ganzen Saison.<\/p>\n<p>H\u00f6he: 25 cm<br \/>\nTopf Gr\u00f6sse: 12 er Topf<br \/>\nWinterh\u00e4rte: nicht winterhart<br \/>\nLicht: sonnig<br \/>\nBl\u00fctezeit: Mai bis Oktober<br \/>\nBoden: durchl\u00e4ssig<\/p>\n","protected":false},"excerpt":{"rendered":"<p>Eisenkraut Lascar Dark Red \u2013 kompakter Sommerflor in leuchtendem Rot<\/p>\n","protected":false},"featured_media":43096,"template":"","meta":[],"product_brand":[],"product_cat":[109,34,41],"product_tag":[299],"woo-feed-brand":[],"class_list":{"0":"post-11935","1":"product","2":"type-product","3":"status-publish","4":"has-post-thumbnail","6":"product_cat-saisonale-pflanzen","7":"product_cat-garten-balkon","8":"product_cat-outdoorpflanzen","9":"product_tag-santispracht","11":"first","12":"instock","13":"taxable","14":"shipping-taxable","15":"purchasable","16":"product-type-simple"},"_links":{"self":[{"href":"https:\/\/www.fleurop-home.ch\/de-ch\/wp-json\/wp\/v2\/product\/11935","targetHints":{"allow":["GET"]}}],"collection":[{"href":"https:\/\/www.fleurop-home.ch\/de-ch\/wp-json\/wp\/v2\/product"}],"about":[{"href":"https:\/\/www.fleurop-home.ch\/de-ch\/wp-json\/wp\/v2\/types\/product"}],"wp:featuredmedia":[{"embeddable":true,"href":"https:\/\/www.fleurop-home.ch\/de-ch\/wp-json\/wp\/v2\/media\/43096"}],"wp:attachment":[{"href":"https:\/\/www.fleurop-home.ch\/de-ch\/wp-json\/wp\/v2\/media?parent=11935"}],"wp:term":[{"taxonomy":"product_brand","embeddable":true,"href":"https:\/\/www.fleurop-home.ch\/de-ch\/wp-json\/wp\/v2\/product_brand?post=11935"},{"taxonomy":"product_cat","embeddable":true,"href":"https:\/\/www.fleurop-home.ch\/de-ch\/wp-json\/wp\/v2\/product_cat?post=11935"},{"taxonomy":"product_tag","embeddable":true,"href":"https:\/\/www.fleurop-home.ch\/de-ch\/wp-json\/wp\/v2\/product_tag?post=11935"},{"taxonomy":"woo-feed-brand","embeddable":true,"href":"https:\/\/www.fleurop-home.ch\/de-ch\/wp-json\/wp\/v2\/woo-feed-brand?post=11935"}],"curies":[{"name":"wp","href":"https:\/\/api.w.org\/{rel}","templated":true}]}}