{"id":11927,"date":"2023-05-03T10:44:21","date_gmt":"2023-05-03T08:44:21","guid":{"rendered":"https:\/\/www.fleurop-home.ch\/?product=eisenkraut-verbena-cultivars"},"modified":"2026-04-28T09:35:31","modified_gmt":"2026-04-28T07:35:31","slug":"eisenkraut-verbena-cultivars-4","status":"publish","type":"product","link":"https:\/\/www.fleurop-home.ch\/de-ch\/p\/eisenkraut-verbena-cultivars-4","title":{"rendered":"Eisenkraut &#8211; Verbena Cultivars"},"content":{"rendered":"<p>Das Eisenkraut Lascar Black Velvet ist ein pflegeleichter Sommerflor, der mit seinem h\u00e4ngenden oder kriechenden Wuchs Rabatten, H\u00e4nge-Ampeln und Balkonkisten bereichert. Die tiefblaue Bl\u00fctenfarbe sorgt den ganzen Sommer hindurch f\u00fcr einen attraktiven Blickfang. Diese Pflanze stammt aus 100 % Schweizer Produktion und tr\u00e4gt das Qualit\u00e4tslabel Suisse Garantie. Sie bevorzugt sonnige Pl\u00e4tze und gedeiht am besten in durchl\u00e4ssigen B\u00f6den. Eine m\u00e4ssige Wasserversorgung reicht aus, damit dieses Eisenkraut seine Leuchtkraft voll entfalten kann. Perfekt f\u00fcr alle, die unkomplizierte Blumenpracht aus Schweizer Urkraft suchen.<\/p>\n<p>H\u00f6he: 25 cm<br \/>\nTopf Gr\u00f6sse: 12 er Topf<br \/>\nWinterh\u00e4rte: nicht winterhart<br \/>\nLicht: sonnig<br \/>\nBl\u00fctezeit: Mai bis Oktober<br \/>\nBoden: durchl\u00e4ssig<\/p>\n","protected":false},"excerpt":{"rendered":"<p>Eisenkraut Lascar Black Velvet im 12er Topf \u2013 Sommerflor aus Schweizer Produktion<\/p>\n","protected":false},"featured_media":43090,"template":"","meta":[],"product_brand":[],"product_cat":[109,34,41],"product_tag":[299],"woo-feed-brand":[],"class_list":{"0":"post-11927","1":"product","2":"type-product","3":"status-publish","4":"has-post-thumbnail","6":"product_cat-saisonale-pflanzen","7":"product_cat-garten-balkon","8":"product_cat-outdoorpflanzen","9":"product_tag-santispracht","11":"first","12":"instock","13":"taxable","14":"shipping-taxable","15":"purchasable","16":"product-type-simple"},"_links":{"self":[{"href":"https:\/\/www.fleurop-home.ch\/de-ch\/wp-json\/wp\/v2\/product\/11927","targetHints":{"allow":["GET"]}}],"collection":[{"href":"https:\/\/www.fleurop-home.ch\/de-ch\/wp-json\/wp\/v2\/product"}],"about":[{"href":"https:\/\/www.fleurop-home.ch\/de-ch\/wp-json\/wp\/v2\/types\/product"}],"wp:featuredmedia":[{"embeddable":true,"href":"https:\/\/www.fleurop-home.ch\/de-ch\/wp-json\/wp\/v2\/media\/43090"}],"wp:attachment":[{"href":"https:\/\/www.fleurop-home.ch\/de-ch\/wp-json\/wp\/v2\/media?parent=11927"}],"wp:term":[{"taxonomy":"product_brand","embeddable":true,"href":"https:\/\/www.fleurop-home.ch\/de-ch\/wp-json\/wp\/v2\/product_brand?post=11927"},{"taxonomy":"product_cat","embeddable":true,"href":"https:\/\/www.fleurop-home.ch\/de-ch\/wp-json\/wp\/v2\/product_cat?post=11927"},{"taxonomy":"product_tag","embeddable":true,"href":"https:\/\/www.fleurop-home.ch\/de-ch\/wp-json\/wp\/v2\/product_tag?post=11927"},{"taxonomy":"woo-feed-brand","embeddable":true,"href":"https:\/\/www.fleurop-home.ch\/de-ch\/wp-json\/wp\/v2\/woo-feed-brand?post=11927"}],"curies":[{"name":"wp","href":"https:\/\/api.w.org\/{rel}","templated":true}]}}