{"id":11812,"date":"2023-05-03T10:43:15","date_gmt":"2023-05-03T08:43:15","guid":{"rendered":"https:\/\/www.fleurop-home.ch\/?product=goldsegge-carex-hachijoensis"},"modified":"2026-05-12T09:09:52","modified_gmt":"2026-05-12T07:09:52","slug":"goldsegge-carex-hachijoensis","status":"publish","type":"product","link":"https:\/\/www.fleurop-home.ch\/de-ch\/p\/goldsegge-carex-hachijoensis","title":{"rendered":"Goldsegge &#8211; Carex hachijoensis"},"content":{"rendered":"<p>Die Goldsegge Evergold entfaltet mit ihrem dichten, gelb-gr\u00fcn panaschierten Laub das ganze Jahr \u00fcber einen besonderen Reiz. Das kompakte Ziergras w\u00e4chst bevorzugt an sonnigen Standorten und erreicht eine H\u00f6he von rund 30 cm. Mit ihrer Anpassungsf\u00e4higkeit eignet sie sich bestens f\u00fcr durchl\u00e4ssige, gut feuchte B\u00f6den und liefert damit dauerhafte Struktur im Blumenbeet, in Mischrabatten sowie als Blickfang in Balkonkisten und K\u00fcbeln. Dank Schweizer Produktion \u00fcberzeugt diese Segge durch hohe Qualit\u00e4t und Langlebigkeit in der Gartengestaltung.<\/p>\n<p>H\u00f6he: 30 cm<br \/>\nTopf Gr\u00f6sse: 12 er Topf<br \/>\nWinterh\u00e4rte: winterhart<br \/>\nLicht: sonnig<br \/>\nBl\u00fctezeit: April bis Mai<br \/>\nBoden: durchl\u00e4ssig<\/p>\n","protected":false},"excerpt":{"rendered":"<p>Goldsegge Evergold \u2013 Panaschiertes Ziergras aus Schweizer Produktion<\/p>\n","protected":false},"featured_media":40964,"template":"","meta":[],"product_brand":[],"product_cat":[109,34,41],"product_tag":[299],"woo-feed-brand":[],"class_list":{"0":"post-11812","1":"product","2":"type-product","3":"status-publish","4":"has-post-thumbnail","6":"product_cat-saisonale-pflanzen","7":"product_cat-garten-balkon","8":"product_cat-outdoorpflanzen","9":"product_tag-santispracht","11":"first","12":"instock","13":"taxable","14":"shipping-taxable","15":"purchasable","16":"product-type-simple"},"_links":{"self":[{"href":"https:\/\/www.fleurop-home.ch\/de-ch\/wp-json\/wp\/v2\/product\/11812","targetHints":{"allow":["GET"]}}],"collection":[{"href":"https:\/\/www.fleurop-home.ch\/de-ch\/wp-json\/wp\/v2\/product"}],"about":[{"href":"https:\/\/www.fleurop-home.ch\/de-ch\/wp-json\/wp\/v2\/types\/product"}],"wp:featuredmedia":[{"embeddable":true,"href":"https:\/\/www.fleurop-home.ch\/de-ch\/wp-json\/wp\/v2\/media\/40964"}],"wp:attachment":[{"href":"https:\/\/www.fleurop-home.ch\/de-ch\/wp-json\/wp\/v2\/media?parent=11812"}],"wp:term":[{"taxonomy":"product_brand","embeddable":true,"href":"https:\/\/www.fleurop-home.ch\/de-ch\/wp-json\/wp\/v2\/product_brand?post=11812"},{"taxonomy":"product_cat","embeddable":true,"href":"https:\/\/www.fleurop-home.ch\/de-ch\/wp-json\/wp\/v2\/product_cat?post=11812"},{"taxonomy":"product_tag","embeddable":true,"href":"https:\/\/www.fleurop-home.ch\/de-ch\/wp-json\/wp\/v2\/product_tag?post=11812"},{"taxonomy":"woo-feed-brand","embeddable":true,"href":"https:\/\/www.fleurop-home.ch\/de-ch\/wp-json\/wp\/v2\/woo-feed-brand?post=11812"}],"curies":[{"name":"wp","href":"https:\/\/api.w.org\/{rel}","templated":true}]}}