{"id":11761,"date":"2023-05-03T10:42:32","date_gmt":"2023-05-03T08:42:32","guid":{"rendered":"https:\/\/www.fleurop-home.ch\/?product=strand-grasnelke-armeria-maritima-1709040468"},"modified":"2026-04-09T11:07:45","modified_gmt":"2026-04-09T09:07:45","slug":"strand-grasnelke-armeria-maritima","status":"publish","type":"product","link":"https:\/\/www.fleurop-home.ch\/de-ch\/p\/strand-grasnelke-armeria-maritima","title":{"rendered":"Strand-Grasnelke &#8211; Armeria maritima"},"content":{"rendered":"<p>Pflegeleichte Polsterstaude mit langen Bl\u00fctenst\u00e4nden. Bestens geeignet f\u00fcr Blumenwiesen,\u00a0Trockenmauern, Heideg\u00e4rten, Rabatten\u00a0sowie in Pflanzgef\u00e4ssen auf der Terrasse.<\/p>\n<p>H\u00f6he: 15 cm<br \/>\nTopf Gr\u00f6sse: 10.5 er Topf<br \/>\nWinterh\u00e4rte: winterhart<br \/>\nLicht: sonnig<br \/>\nBl\u00fctezeit: Mai bis Juli<br \/>\nBoden: durchl\u00e4ssig<\/p>\n","protected":false},"excerpt":{"rendered":"<p>Die \u00e4usserst robuste Strand-Grasnelke &#8211; Armeria maritima Abbey White<\/p>\n","protected":false},"featured_media":40753,"template":"","meta":[],"product_brand":[],"product_cat":[109,34,41],"product_tag":[299],"woo-feed-brand":[],"class_list":{"0":"post-11761","1":"product","2":"type-product","3":"status-publish","4":"has-post-thumbnail","6":"product_cat-saisonale-pflanzen","7":"product_cat-garten-balkon","8":"product_cat-outdoorpflanzen","9":"product_tag-santispracht","11":"first","12":"instock","13":"taxable","14":"shipping-taxable","15":"purchasable","16":"product-type-simple"},"_links":{"self":[{"href":"https:\/\/www.fleurop-home.ch\/de-ch\/wp-json\/wp\/v2\/product\/11761","targetHints":{"allow":["GET"]}}],"collection":[{"href":"https:\/\/www.fleurop-home.ch\/de-ch\/wp-json\/wp\/v2\/product"}],"about":[{"href":"https:\/\/www.fleurop-home.ch\/de-ch\/wp-json\/wp\/v2\/types\/product"}],"wp:featuredmedia":[{"embeddable":true,"href":"https:\/\/www.fleurop-home.ch\/de-ch\/wp-json\/wp\/v2\/media\/40753"}],"wp:attachment":[{"href":"https:\/\/www.fleurop-home.ch\/de-ch\/wp-json\/wp\/v2\/media?parent=11761"}],"wp:term":[{"taxonomy":"product_brand","embeddable":true,"href":"https:\/\/www.fleurop-home.ch\/de-ch\/wp-json\/wp\/v2\/product_brand?post=11761"},{"taxonomy":"product_cat","embeddable":true,"href":"https:\/\/www.fleurop-home.ch\/de-ch\/wp-json\/wp\/v2\/product_cat?post=11761"},{"taxonomy":"product_tag","embeddable":true,"href":"https:\/\/www.fleurop-home.ch\/de-ch\/wp-json\/wp\/v2\/product_tag?post=11761"},{"taxonomy":"woo-feed-brand","embeddable":true,"href":"https:\/\/www.fleurop-home.ch\/de-ch\/wp-json\/wp\/v2\/woo-feed-brand?post=11761"}],"curies":[{"name":"wp","href":"https:\/\/api.w.org\/{rel}","templated":true}]}}