{"id":11535,"date":"2023-05-03T07:51:56","date_gmt":"2023-05-03T07:51:56","guid":{"rendered":"https:\/\/www.fleurop-home.ch\/?product=pink-sands-signature-large-jar"},"modified":"2025-04-01T05:53:22","modified_gmt":"2025-04-01T03:53:22","slug":"pink-sands-signature-large-jar","status":"publish","type":"product","link":"https:\/\/www.fleurop-home.ch\/de-ch\/p\/pink-sands-signature-large-jar","title":{"rendered":"Pink Sands Signature Large Jar"},"content":{"rendered":"<p>Erlebe die Marke Yankee Candle\u00ae in einem v\u00f6llig neuen Gewand. Zwei Baumwolldochte und eine erstklassige Sojawachsmischung sorgen f\u00fcr ein wundersch\u00f6nes Ambiente. Die Duftkerze in der Form eines Trinkglases, das wieder verwendet werden kann.<\/p>\n<p>Brenndauer: 60-90h<\/p>\n","protected":false},"excerpt":{"rendered":"<p>Wie eine Zuflucht auf einer exotischen Insel mit der herrlichen Mischung aus leichten Zitrusd\u00fcften, lieblichen Bl\u00fcten und aromatischer Vanille.<\/p>\n","protected":false},"featured_media":11536,"template":"","meta":[],"product_brand":[],"product_cat":[99,23,28],"product_tag":[288],"woo-feed-brand":[],"class_list":{"0":"post-11535","1":"product","2":"type-product","3":"status-publish","4":"has-post-thumbnail","6":"product_cat-duftkerzen","7":"product_cat-home-living","8":"product_cat-kerzen-lichter","9":"product_tag-spirig-kerzen-ag","11":"first","12":"instock","13":"taxable","14":"shipping-taxable","15":"purchasable","16":"product-type-simple"},"_links":{"self":[{"href":"https:\/\/www.fleurop-home.ch\/de-ch\/wp-json\/wp\/v2\/product\/11535","targetHints":{"allow":["GET"]}}],"collection":[{"href":"https:\/\/www.fleurop-home.ch\/de-ch\/wp-json\/wp\/v2\/product"}],"about":[{"href":"https:\/\/www.fleurop-home.ch\/de-ch\/wp-json\/wp\/v2\/types\/product"}],"wp:featuredmedia":[{"embeddable":true,"href":"https:\/\/www.fleurop-home.ch\/de-ch\/wp-json\/wp\/v2\/media\/11536"}],"wp:attachment":[{"href":"https:\/\/www.fleurop-home.ch\/de-ch\/wp-json\/wp\/v2\/media?parent=11535"}],"wp:term":[{"taxonomy":"product_brand","embeddable":true,"href":"https:\/\/www.fleurop-home.ch\/de-ch\/wp-json\/wp\/v2\/product_brand?post=11535"},{"taxonomy":"product_cat","embeddable":true,"href":"https:\/\/www.fleurop-home.ch\/de-ch\/wp-json\/wp\/v2\/product_cat?post=11535"},{"taxonomy":"product_tag","embeddable":true,"href":"https:\/\/www.fleurop-home.ch\/de-ch\/wp-json\/wp\/v2\/product_tag?post=11535"},{"taxonomy":"woo-feed-brand","embeddable":true,"href":"https:\/\/www.fleurop-home.ch\/de-ch\/wp-json\/wp\/v2\/woo-feed-brand?post=11535"}],"curies":[{"name":"wp","href":"https:\/\/api.w.org\/{rel}","templated":true}]}}