{"id":10908,"date":"2023-05-03T07:33:42","date_gmt":"2023-05-03T07:33:42","guid":{"rendered":"https:\/\/www.fleurop-home.ch\/?product=pressed-blooms-patchouli-large-jar"},"modified":"2025-04-01T06:03:01","modified_gmt":"2025-04-01T04:03:01","slug":"pressed-blooms-patchouli-large-jar","status":"publish","type":"product","link":"https:\/\/www.fleurop-home.ch\/de-ch\/p\/pressed-blooms-patchouli-large-jar","title":{"rendered":"Pressed Blooms &amp; Patchouli Large Jar"},"content":{"rendered":"<p>Die besonderen sanduhr-f\u00f6rmigen Kerzen f\u00fcllen Dein Zuhause mit weichem Knistern und einladenden D\u00fcften von WoodWick. Die Kerzen zeichnen sich durch ein sauberes, modernes Design und einer eleganten Form aus.<\/p>\n<p>Brenndauer: 110-120h<\/p>\n","protected":false},"excerpt":{"rendered":"<p>Zarte Blumend\u00fcfte erbl\u00fchen auf einem Bett aus holzigen Vetivergras- und Patschuliaromen.<\/p>\n","protected":false},"featured_media":10909,"template":"","meta":[],"product_brand":[],"product_cat":[99,23,28],"product_tag":[288],"woo-feed-brand":[],"class_list":{"0":"post-10908","1":"product","2":"type-product","3":"status-publish","4":"has-post-thumbnail","6":"product_cat-duftkerzen","7":"product_cat-home-living","8":"product_cat-kerzen-lichter","9":"product_tag-spirig-kerzen-ag","11":"first","12":"instock","13":"taxable","14":"shipping-taxable","15":"purchasable","16":"product-type-simple"},"_links":{"self":[{"href":"https:\/\/www.fleurop-home.ch\/de-ch\/wp-json\/wp\/v2\/product\/10908","targetHints":{"allow":["GET"]}}],"collection":[{"href":"https:\/\/www.fleurop-home.ch\/de-ch\/wp-json\/wp\/v2\/product"}],"about":[{"href":"https:\/\/www.fleurop-home.ch\/de-ch\/wp-json\/wp\/v2\/types\/product"}],"wp:featuredmedia":[{"embeddable":true,"href":"https:\/\/www.fleurop-home.ch\/de-ch\/wp-json\/wp\/v2\/media\/10909"}],"wp:attachment":[{"href":"https:\/\/www.fleurop-home.ch\/de-ch\/wp-json\/wp\/v2\/media?parent=10908"}],"wp:term":[{"taxonomy":"product_brand","embeddable":true,"href":"https:\/\/www.fleurop-home.ch\/de-ch\/wp-json\/wp\/v2\/product_brand?post=10908"},{"taxonomy":"product_cat","embeddable":true,"href":"https:\/\/www.fleurop-home.ch\/de-ch\/wp-json\/wp\/v2\/product_cat?post=10908"},{"taxonomy":"product_tag","embeddable":true,"href":"https:\/\/www.fleurop-home.ch\/de-ch\/wp-json\/wp\/v2\/product_tag?post=10908"},{"taxonomy":"woo-feed-brand","embeddable":true,"href":"https:\/\/www.fleurop-home.ch\/de-ch\/wp-json\/wp\/v2\/woo-feed-brand?post=10908"}],"curies":[{"name":"wp","href":"https:\/\/api.w.org\/{rel}","templated":true}]}}