{"id":10802,"date":"2023-05-03T09:33:04","date_gmt":"2023-05-03T07:33:04","guid":{"rendered":"https:\/\/www.fleurop-home.ch\/?product=cashmere-medium-jar"},"modified":"2025-04-01T05:52:13","modified_gmt":"2025-04-01T03:52:13","slug":"cashmere-medium-jar","status":"publish","type":"product","link":"https:\/\/www.fleurop-home.ch\/de-ch\/p\/cashmere-medium-jar","title":{"rendered":"Cashmere Medium Jar"},"content":{"rendered":"<p>Die besonderen sanduhr-f\u00f6rmigen Kerzen f\u00fcllen Dein Zuhause mit weichem Knistern und einladenden D\u00fcften von WoodWick. Die Kerzen zeichnen sich durch ein sauberes, modernes Design und einer eleganten Form aus.<\/p>\n<p>Brenndauer: 55-65h<\/p>\n","protected":false},"excerpt":{"rendered":"<p>Eine entz\u00fcckende Kombination aus Duftnoten, einschliesslich Sandelholz, Tonkabohne und Quitte, ergibt einen opulenten, unwiderstehlichen Duft<\/p>\n","protected":false},"featured_media":10803,"template":"","meta":[],"product_brand":[],"product_cat":[99,23,28],"product_tag":[288],"woo-feed-brand":[],"class_list":{"0":"post-10802","1":"product","2":"type-product","3":"status-publish","4":"has-post-thumbnail","6":"product_cat-duftkerzen","7":"product_cat-home-living","8":"product_cat-kerzen-lichter","9":"product_tag-spirig-kerzen-ag","11":"first","12":"instock","13":"taxable","14":"shipping-taxable","15":"purchasable","16":"product-type-simple"},"_links":{"self":[{"href":"https:\/\/www.fleurop-home.ch\/de-ch\/wp-json\/wp\/v2\/product\/10802","targetHints":{"allow":["GET"]}}],"collection":[{"href":"https:\/\/www.fleurop-home.ch\/de-ch\/wp-json\/wp\/v2\/product"}],"about":[{"href":"https:\/\/www.fleurop-home.ch\/de-ch\/wp-json\/wp\/v2\/types\/product"}],"wp:featuredmedia":[{"embeddable":true,"href":"https:\/\/www.fleurop-home.ch\/de-ch\/wp-json\/wp\/v2\/media\/10803"}],"wp:attachment":[{"href":"https:\/\/www.fleurop-home.ch\/de-ch\/wp-json\/wp\/v2\/media?parent=10802"}],"wp:term":[{"taxonomy":"product_brand","embeddable":true,"href":"https:\/\/www.fleurop-home.ch\/de-ch\/wp-json\/wp\/v2\/product_brand?post=10802"},{"taxonomy":"product_cat","embeddable":true,"href":"https:\/\/www.fleurop-home.ch\/de-ch\/wp-json\/wp\/v2\/product_cat?post=10802"},{"taxonomy":"product_tag","embeddable":true,"href":"https:\/\/www.fleurop-home.ch\/de-ch\/wp-json\/wp\/v2\/product_tag?post=10802"},{"taxonomy":"woo-feed-brand","embeddable":true,"href":"https:\/\/www.fleurop-home.ch\/de-ch\/wp-json\/wp\/v2\/woo-feed-brand?post=10802"}],"curies":[{"name":"wp","href":"https:\/\/api.w.org\/{rel}","templated":true}]}}