{"id":10715,"date":"2023-04-24T11:30:40","date_gmt":"2023-04-24T09:30:40","guid":{"rendered":"https:\/\/www.fleurop-home.ch\/?product=tablett-aus-birkenholz-lemon-drop-32-x-32-cm"},"modified":"2025-12-01T10:35:05","modified_gmt":"2025-12-01T09:35:05","slug":"tablett-aus-birkenholz-lemon-drop-32-x-32-cm","status":"publish","type":"product","link":"https:\/\/www.fleurop-home.ch\/de-ch\/p\/tablett-aus-birkenholz-lemon-drop-32-x-32-cm","title":{"rendered":"Tablett aus Birkenholz &#171;Lemon Drop&#187;, 32 x 32 cm"},"content":{"rendered":"<p>Die &#8218;Happy Birds&#8216; und &#8218;Lemon Drop&#8216; Designs zeichnen sich durch ihren verspielten Charme aus und \u00fcberzeugen sowohl einzeln als auch im Set. Die quadratischen Masse der Tabletts sind ideal f\u00fcr das Servieren von allem, von einer einfachen Mahlzeit bis hin zu einer Auswahl an Snacks und Getr\u00e4nken. Dies macht sie zu einer vielseitigen und stilvollen Wahl f\u00fcr jede Tischdekoration.<\/p>\n<p>Jedes Tablett wird in Schweden aus hochwertigem, nachhaltigem Birkenfurnier handgefertigt, ist f\u00fcr den Kontakt mit Lebensmitteln zugelassen, widerstandsf\u00e4hig gegen Hitze und Flecken und kann sicher in der Sp\u00fclmaschine gereinigt werden.<\/p>\n<p>Verwandle gew\u00f6hnliche Momente in aussergew\u00f6hnliche Erlebnisse mit diesem festlichen Tablett.<\/p>\n<p style=\"text-align: left\"><em>Designer:<\/em> Andreas Frei\/HappyTrays<\/p>\n<p style=\"text-align: left\"><em>Material:<\/em> Birkenfurnier, Melaminbeschichtung<\/p>\n<p style=\"text-align: left\"><em>Muster:<\/em>\u00a0Lemon Drop<\/p>\n<p style=\"text-align: left\"><em>Form:<\/em>\u00a0Quadratisch<\/p>\n<p style=\"text-align: left\"><em>Durchmesser:<\/em>\u00a032 x 32 cm<\/p>\n","protected":false},"excerpt":{"rendered":"<p>Hochwertiges Tablett aus nachhaltigem Birkenholz mit lebendigem Design in limitierter Auflage. Entworfen in der Schweiz, handgefertigt in Schweden. 32 x 32 cm.<\/p>\n","protected":false},"featured_media":35804,"template":"","meta":[],"product_brand":[],"product_cat":[1108,42,1104,43],"product_tag":[314],"woo-feed-brand":[],"class_list":{"0":"post-10715","1":"product","2":"type-product","3":"status-publish","4":"has-post-thumbnail","6":"product_cat-tabletts","7":"product_cat-kueche","8":"product_cat-tischakzente","9":"product_cat-gedeckter-tisch","10":"product_tag-happytrays","12":"first","13":"instock","14":"taxable","15":"shipping-taxable","16":"purchasable","17":"product-type-simple"},"_links":{"self":[{"href":"https:\/\/www.fleurop-home.ch\/de-ch\/wp-json\/wp\/v2\/product\/10715","targetHints":{"allow":["GET"]}}],"collection":[{"href":"https:\/\/www.fleurop-home.ch\/de-ch\/wp-json\/wp\/v2\/product"}],"about":[{"href":"https:\/\/www.fleurop-home.ch\/de-ch\/wp-json\/wp\/v2\/types\/product"}],"wp:featuredmedia":[{"embeddable":true,"href":"https:\/\/www.fleurop-home.ch\/de-ch\/wp-json\/wp\/v2\/media\/35804"}],"wp:attachment":[{"href":"https:\/\/www.fleurop-home.ch\/de-ch\/wp-json\/wp\/v2\/media?parent=10715"}],"wp:term":[{"taxonomy":"product_brand","embeddable":true,"href":"https:\/\/www.fleurop-home.ch\/de-ch\/wp-json\/wp\/v2\/product_brand?post=10715"},{"taxonomy":"product_cat","embeddable":true,"href":"https:\/\/www.fleurop-home.ch\/de-ch\/wp-json\/wp\/v2\/product_cat?post=10715"},{"taxonomy":"product_tag","embeddable":true,"href":"https:\/\/www.fleurop-home.ch\/de-ch\/wp-json\/wp\/v2\/product_tag?post=10715"},{"taxonomy":"woo-feed-brand","embeddable":true,"href":"https:\/\/www.fleurop-home.ch\/de-ch\/wp-json\/wp\/v2\/woo-feed-brand?post=10715"}],"curies":[{"name":"wp","href":"https:\/\/api.w.org\/{rel}","templated":true}]}}