{"id":10698,"date":"2023-04-20T23:53:48","date_gmt":"2023-04-20T23:53:48","guid":{"rendered":"https:\/\/www.fleurop-home.ch\/?product=tablett-aus-birkenholz-tourmaline-o-39-cm"},"modified":"2026-04-01T08:17:40","modified_gmt":"2026-04-01T06:17:40","slug":"tablett-aus-birkenholz-tourmaline-o-39-cm","status":"publish","type":"product","link":"https:\/\/www.fleurop-home.ch\/de-ch\/p\/tablett-aus-birkenholz-tourmaline-o-39-cm","title":{"rendered":"Tablett aus Birkenholz &#171;Tourmaline&#187;, \u00d8 39 cm"},"content":{"rendered":"<p>Entdecke unsere Unicolor-Kollektion, die allein als markante Einzelst\u00fccke stehen oder hervorragend mit einem anderen HappyTrays-Design kombiniert werden kann. Das Tourmaline-Tablett verleiht jedem Raum, durch seine sch\u00f6ne Textur und tiefgr\u00fcnen Farbverlauf, eine Note von Eleganz und Modernit\u00e4t.<\/p>\n<p>Dieses vielseitige St\u00fcck wird gerne als Serviertablett, Kunstwerk oder als praktischer Beistelltisch genutzt. Jedes Tablett wird in Schweden aus hochwertigem, nachhaltigem Birkenfurnier handgefertigt und ist f\u00fcr regelm\u00e4ssigen und intensiven Gebrauch konzipiert.<\/p>\n<p>Erg\u00e4nze Dein Zuhause mit diesem eleganten Tablett, oder mache jemandem ein besonderes Geschenk.<\/p>\n<p style=\"text-align: left;\"><em>Designer:<\/em> Andreas Frei\/HappyTrays<\/p>\n<p style=\"text-align: left;\"><em>Material:<\/em> Birkenfurnier, Melaminbeschichtung<\/p>\n<p style=\"text-align: left;\"><em>Muster:<\/em>\u00a0Tourmaline<\/p>\n<p style=\"text-align: left;\"><em>Form:<\/em>\u00a0Rund<\/p>\n<p style=\"text-align: left;\"><em>Durchmesser:<\/em>\u00a0\u00d8 39 cm<\/p>\n","protected":false},"excerpt":{"rendered":"<p>Hochwertiges Tablett aus nachhaltigem Birkenholz mit lebendigem Design in limitierter Auflage. Entworfen in der Schweiz, handgefertigt in Schweden. \u00d8 39 cm.<\/p>\n","protected":false},"featured_media":36071,"template":"","meta":[],"product_brand":[],"product_cat":[1108,909,1179,911,42,1104,43],"product_tag":[314],"woo-feed-brand":[],"class_list":{"0":"post-10698","1":"product","2":"type-product","3":"status-publish","4":"has-post-thumbnail","6":"product_cat-tabletts","7":"product_cat-weihnachten","8":"product_cat-weihnachtsdeko","9":"product_cat-accessoires","10":"product_cat-kueche","11":"product_cat-tischakzente","12":"product_cat-gedeckter-tisch","13":"product_tag-happytrays","15":"first","16":"instock","17":"taxable","18":"shipping-taxable","19":"purchasable","20":"product-type-simple"},"_links":{"self":[{"href":"https:\/\/www.fleurop-home.ch\/de-ch\/wp-json\/wp\/v2\/product\/10698","targetHints":{"allow":["GET"]}}],"collection":[{"href":"https:\/\/www.fleurop-home.ch\/de-ch\/wp-json\/wp\/v2\/product"}],"about":[{"href":"https:\/\/www.fleurop-home.ch\/de-ch\/wp-json\/wp\/v2\/types\/product"}],"wp:featuredmedia":[{"embeddable":true,"href":"https:\/\/www.fleurop-home.ch\/de-ch\/wp-json\/wp\/v2\/media\/36071"}],"wp:attachment":[{"href":"https:\/\/www.fleurop-home.ch\/de-ch\/wp-json\/wp\/v2\/media?parent=10698"}],"wp:term":[{"taxonomy":"product_brand","embeddable":true,"href":"https:\/\/www.fleurop-home.ch\/de-ch\/wp-json\/wp\/v2\/product_brand?post=10698"},{"taxonomy":"product_cat","embeddable":true,"href":"https:\/\/www.fleurop-home.ch\/de-ch\/wp-json\/wp\/v2\/product_cat?post=10698"},{"taxonomy":"product_tag","embeddable":true,"href":"https:\/\/www.fleurop-home.ch\/de-ch\/wp-json\/wp\/v2\/product_tag?post=10698"},{"taxonomy":"woo-feed-brand","embeddable":true,"href":"https:\/\/www.fleurop-home.ch\/de-ch\/wp-json\/wp\/v2\/woo-feed-brand?post=10698"}],"curies":[{"name":"wp","href":"https:\/\/api.w.org\/{rel}","templated":true}]}}