{"id":10434,"date":"2023-03-09T17:06:50","date_gmt":"2023-03-09T16:06:50","guid":{"rendered":"https:\/\/www.fleurop-home.ch\/?product=purpur-jakobsleiter-polemonium-yezoense"},"modified":"2026-04-28T11:42:14","modified_gmt":"2026-04-28T09:42:14","slug":"purpur-jakobsleiter-polemonium-yezoense","status":"publish","type":"product","link":"https:\/\/www.fleurop-home.ch\/de-ch\/p\/purpur-jakobsleiter-polemonium-yezoense","title":{"rendered":"Purpur-Jakobsleiter &#8211; Polemonium yezoense"},"content":{"rendered":"<p>Die Purpur-Jakobsleiter &#8218;Bressingham Purple&#8216; zeigt von Juni bis Juli attraktive Bl\u00fcten in kr\u00e4ftigem Rot und bildet einen markanten Farbtupfer im Garten. Dank ihrer Winterh\u00e4rte bleibt diese robuste Staude auch in Schweizer G\u00e4rten zuverl\u00e4ssig erhalten. Ideal ist ein halbschattiger Standort mit durchl\u00e4ssigem, feuchtem Boden, wobei vor allem Rabatten und Teichr\u00e4nder bevorzugt werden. Bei regelm\u00e4ssiger Wasserversorgung entwickelt die Purpur-Jakobsleiter eine besonders vitale Erscheinung. Gefertigt in 100 % Schweizer Produktion, steht sie f\u00fcr Blumenpracht aus Urkraft und bringt naturnahe Akzente in jede Bepflanzung.<\/p>\n<p>H\u00f6he: 50 cm<br \/>\nTopf Gr\u00f6sse: 21 er Topf<br \/>\nWinterh\u00e4rte: winterhart<br \/>\nLicht: halbschattig<br \/>\nBl\u00fctezeit: Juni bis Juli<br \/>\nBoden: durchl\u00e4ssig<\/p>\n","protected":false},"excerpt":{"rendered":"<p>Purpur-Jakobsleiter &#8218;Bressingham Purple&#8216; \u2013 winterharte Bl\u00fctenstaude aus Schweizer Produktion<\/p>\n","protected":false},"featured_media":43002,"template":"","meta":[],"product_brand":[],"product_cat":[109,34,41],"product_tag":[299],"woo-feed-brand":[],"class_list":{"0":"post-10434","1":"product","2":"type-product","3":"status-publish","4":"has-post-thumbnail","6":"product_cat-saisonale-pflanzen","7":"product_cat-garten-balkon","8":"product_cat-outdoorpflanzen","9":"product_tag-santispracht","11":"first","12":"instock","13":"taxable","14":"shipping-taxable","15":"purchasable","16":"product-type-simple"},"_links":{"self":[{"href":"https:\/\/www.fleurop-home.ch\/de-ch\/wp-json\/wp\/v2\/product\/10434","targetHints":{"allow":["GET"]}}],"collection":[{"href":"https:\/\/www.fleurop-home.ch\/de-ch\/wp-json\/wp\/v2\/product"}],"about":[{"href":"https:\/\/www.fleurop-home.ch\/de-ch\/wp-json\/wp\/v2\/types\/product"}],"wp:featuredmedia":[{"embeddable":true,"href":"https:\/\/www.fleurop-home.ch\/de-ch\/wp-json\/wp\/v2\/media\/43002"}],"wp:attachment":[{"href":"https:\/\/www.fleurop-home.ch\/de-ch\/wp-json\/wp\/v2\/media?parent=10434"}],"wp:term":[{"taxonomy":"product_brand","embeddable":true,"href":"https:\/\/www.fleurop-home.ch\/de-ch\/wp-json\/wp\/v2\/product_brand?post=10434"},{"taxonomy":"product_cat","embeddable":true,"href":"https:\/\/www.fleurop-home.ch\/de-ch\/wp-json\/wp\/v2\/product_cat?post=10434"},{"taxonomy":"product_tag","embeddable":true,"href":"https:\/\/www.fleurop-home.ch\/de-ch\/wp-json\/wp\/v2\/product_tag?post=10434"},{"taxonomy":"woo-feed-brand","embeddable":true,"href":"https:\/\/www.fleurop-home.ch\/de-ch\/wp-json\/wp\/v2\/woo-feed-brand?post=10434"}],"curies":[{"name":"wp","href":"https:\/\/api.w.org\/{rel}","templated":true}]}}