{"id":10398,"date":"2023-03-09T17:06:31","date_gmt":"2023-03-09T16:06:31","guid":{"rendered":"https:\/\/www.fleurop-home.ch\/?product=nelkenwurz-geum-coccineum"},"modified":"2026-04-28T11:40:51","modified_gmt":"2026-04-28T09:40:51","slug":"nelkenwurz-geum-coccineum","status":"publish","type":"product","link":"https:\/\/www.fleurop-home.ch\/de-ch\/p\/nelkenwurz-geum-coccineum","title":{"rendered":"Nelkenwurz &#8211; Geum coccineum"},"content":{"rendered":"<p>Diese horstbildende Staude eignet sich hervorragend f\u00fcr Hang- und Fl\u00e4chenbepflanzungen, Mischrabatten, Blumenbeete und Steing\u00e4rten. Ihre auff\u00e4lligen roten Bl\u00fcten setzen w\u00e4hrend der langen Bl\u00fctezeit attraktive Farbakzente und ziehen Bienen sowie weitere Insekten an. Mit einer Wuchsh\u00f6he von etwa 60 cm w\u00e4chst die Pflanze am liebsten an sonnigen Standorten und gedeiht bei m\u00e4ssiger Wassergabe auf durchl\u00e4ssigem Boden. Die Pflanzen stammen aus 100 % Schweizer Produktion und sind mit dem G\u00fctesiegel Suisse Garantie ausgezeichnet. Ihre Widerstandsf\u00e4higkeit gegen kalte Temperaturen macht sie zu einer langlebigen und pflegeleichten Wahl f\u00fcr naturnahe G\u00e4rten und vielf\u00e4ltige Gartenanlagen.<\/p>\n<p>H\u00f6he: 60 cm<br \/>\nTopf Gr\u00f6sse: 21 er Topf<br \/>\nWinterh\u00e4rte: winterhart<br \/>\nLicht: sonnig<br \/>\nBl\u00fctezeit: Mai bis September<br \/>\nBoden: durchl\u00e4ssig<\/p>\n","protected":false},"excerpt":{"rendered":"<p>Nelkenwurz Flames of Passion \u2013 robuster Bienenmagnet aus Schweizer Produktion<\/p>\n","protected":false},"featured_media":42842,"template":"","meta":[],"product_brand":[],"product_cat":[109,34,41],"product_tag":[299],"woo-feed-brand":[],"class_list":{"0":"post-10398","1":"product","2":"type-product","3":"status-publish","4":"has-post-thumbnail","6":"product_cat-saisonale-pflanzen","7":"product_cat-garten-balkon","8":"product_cat-outdoorpflanzen","9":"product_tag-santispracht","11":"first","12":"instock","13":"taxable","14":"shipping-taxable","15":"purchasable","16":"product-type-simple"},"_links":{"self":[{"href":"https:\/\/www.fleurop-home.ch\/de-ch\/wp-json\/wp\/v2\/product\/10398","targetHints":{"allow":["GET"]}}],"collection":[{"href":"https:\/\/www.fleurop-home.ch\/de-ch\/wp-json\/wp\/v2\/product"}],"about":[{"href":"https:\/\/www.fleurop-home.ch\/de-ch\/wp-json\/wp\/v2\/types\/product"}],"wp:featuredmedia":[{"embeddable":true,"href":"https:\/\/www.fleurop-home.ch\/de-ch\/wp-json\/wp\/v2\/media\/42842"}],"wp:attachment":[{"href":"https:\/\/www.fleurop-home.ch\/de-ch\/wp-json\/wp\/v2\/media?parent=10398"}],"wp:term":[{"taxonomy":"product_brand","embeddable":true,"href":"https:\/\/www.fleurop-home.ch\/de-ch\/wp-json\/wp\/v2\/product_brand?post=10398"},{"taxonomy":"product_cat","embeddable":true,"href":"https:\/\/www.fleurop-home.ch\/de-ch\/wp-json\/wp\/v2\/product_cat?post=10398"},{"taxonomy":"product_tag","embeddable":true,"href":"https:\/\/www.fleurop-home.ch\/de-ch\/wp-json\/wp\/v2\/product_tag?post=10398"},{"taxonomy":"woo-feed-brand","embeddable":true,"href":"https:\/\/www.fleurop-home.ch\/de-ch\/wp-json\/wp\/v2\/woo-feed-brand?post=10398"}],"curies":[{"name":"wp","href":"https:\/\/api.w.org\/{rel}","templated":true}]}}