{"id":10225,"date":"2023-03-09T13:16:12","date_gmt":"2023-03-09T13:16:12","guid":{"rendered":"https:\/\/www.fleurop-home.ch\/?product=3er-set-trockenblumen-strausschen-mit-vasen"},"modified":"2026-05-13T11:07:26","modified_gmt":"2026-05-13T09:07:26","slug":"trockenblumenstrauss-3er-set-mit-vasen","status":"publish","type":"product","link":"https:\/\/www.fleurop-home.ch\/de-ch\/p\/trockenblumenstrauss-3er-set-mit-vasen","title":{"rendered":"Trockenblumenstrauss 3er-Set mit Vasen"},"content":{"rendered":"<h3>Trockenblumen<br \/>\nDer neue Interior-Trend<\/h3>\n<p>In diesem Jahr sieht man getrocknete Zweige und Blumen h\u00e4ufiger denn je.<br \/>\nSie sind nicht nur eine Herbstdeko, sondern verspr\u00fchen das ganze Jahr \u00fcber ihren Zauber.<br \/>\nGetrocknete Blumen sind sehr angesagt.<br \/>\nOb als Tischdeko oder opulent in grossen Vasen platziert \u2500 Trockenblumen machen sich einzeln und im bunten Bouquet einfach herrlich.<br \/>\nDer riesengrosse Vorteil im Vergleich zu frischen Blumen: Eine Trockenblumen-Deko h\u00e4lt praktisch ewig.<\/p>\n<p>Der Preis bezieht sich pro 3er-Set inkl. Vasen (die Vasen k\u00f6nnen variieren).<\/p>\n<p><strong>Bitte beachte:<\/strong><br \/>\n\u2022\u00a0\u00a0 \u00a0Packe die Trockenblumen bitte vorsichtig aus. Getrocknete Zweige sind br\u00fcchiger als frische.<br \/>\n\u2022\u00a0\u00a0 \u00a0Trockenblumen sind ein Naturprodukt. Die Str\u00e4usse \/ Einzelblumen werden saisonal individuell zusammengestellt und k\u00f6nnen so in Blumenwahl, Anordnung und Farbe variieren.<br \/>\n\u2022\u00a0\u00a0 \u00a0F\u00fcr die Gestaltung werden als technische Hilfsmittel zum Teil Draht, Spaltbambus, Leim und \u00e4hnliches verwendet, welche auch sichtbar sein k\u00f6nnen. Unsere Trockenblumen werden erg\u00e4nzend teilweise gebleicht oder eingef\u00e4rbt. Die im Musterstrauss (Foto) verwendete Farbe kann so auch von Strauss zu Strauss variieren. Ebenso das f\u00fcr die Verpackung verwendete Papier.<br \/>\n\u2022\u00a0\u00a0 \u00a0Es k\u00f6nnte Unterschiede zwischen der abgebildeten Farbe auf der Webseite und der tats\u00e4chlichen Farbe geben. Dies aufgrund von Lichteinfall, Helligkeit des Monitors, Kontrasteinstellung etc.<\/p>\n","protected":false},"excerpt":{"rendered":"<p>Trockenblumen &#8211; der neue Interior-Trend; 3er-Set Trockenblumen-Str\u00e4usschen mit Vasen \u00d8 ca.7cm H ca.28 cm \/ Vasen leer ohne Str\u00e4usschen H ca. 10cm<\/p>\n","protected":false},"featured_media":10226,"template":"","meta":[],"product_brand":[],"product_cat":[117,23,52,55],"product_tag":[290],"woo-feed-brand":[],"class_list":{"0":"post-10225","1":"product","2":"type-product","3":"status-publish","4":"has-post-thumbnail","6":"product_cat-trockenblumen","7":"product_cat-home-living","8":"product_cat-geschenke","9":"product_cat-blumige-geschenke","10":"product_tag-atelier-leutwyler","12":"first","13":"instock","14":"taxable","15":"shipping-taxable","16":"purchasable","17":"product-type-simple"},"_links":{"self":[{"href":"https:\/\/www.fleurop-home.ch\/de-ch\/wp-json\/wp\/v2\/product\/10225","targetHints":{"allow":["GET"]}}],"collection":[{"href":"https:\/\/www.fleurop-home.ch\/de-ch\/wp-json\/wp\/v2\/product"}],"about":[{"href":"https:\/\/www.fleurop-home.ch\/de-ch\/wp-json\/wp\/v2\/types\/product"}],"wp:featuredmedia":[{"embeddable":true,"href":"https:\/\/www.fleurop-home.ch\/de-ch\/wp-json\/wp\/v2\/media\/10226"}],"wp:attachment":[{"href":"https:\/\/www.fleurop-home.ch\/de-ch\/wp-json\/wp\/v2\/media?parent=10225"}],"wp:term":[{"taxonomy":"product_brand","embeddable":true,"href":"https:\/\/www.fleurop-home.ch\/de-ch\/wp-json\/wp\/v2\/product_brand?post=10225"},{"taxonomy":"product_cat","embeddable":true,"href":"https:\/\/www.fleurop-home.ch\/de-ch\/wp-json\/wp\/v2\/product_cat?post=10225"},{"taxonomy":"product_tag","embeddable":true,"href":"https:\/\/www.fleurop-home.ch\/de-ch\/wp-json\/wp\/v2\/product_tag?post=10225"},{"taxonomy":"woo-feed-brand","embeddable":true,"href":"https:\/\/www.fleurop-home.ch\/de-ch\/wp-json\/wp\/v2\/woo-feed-brand?post=10225"}],"curies":[{"name":"wp","href":"https:\/\/api.w.org\/{rel}","templated":true}]}}