{"id":62642,"date":"2025-09-05T10:14:31","date_gmt":"2025-09-05T08:14:31","guid":{"rendered":"https:\/\/www.fleurop-home.ch\/?page_id=62642"},"modified":"2025-09-05T10:14:31","modified_gmt":"2025-09-05T08:14:31","slug":"contentseite-saisonale-pflanzen","status":"publish","type":"page","link":"https:\/\/www.fleurop-home.ch\/de-ch\/contentseite-saisonale-pflanzen","title":{"rendered":"Contentseite-Saisonale-Pflanzen"},"content":{"rendered":"\t\t<div data-elementor-type=\"wp-page\" data-elementor-id=\"62642\" class=\"elementor elementor-62642\" data-elementor-settings=\"{&quot;ha_cmc_init_switcher&quot;:&quot;no&quot;}\" data-elementor-post-type=\"page\">\n\t\t\t\t<div class=\"elementor-element elementor-element-9ddc53c e-flex e-con-boxed e-con e-parent\" data-id=\"9ddc53c\" data-element_type=\"container\" data-e-type=\"container\" data-settings=\"{&quot;_ha_eqh_enable&quot;:false}\">\n\t\t\t\t\t<div class=\"e-con-inner\">\n\t\t\t\t<div data-ha-element-link=\"{&quot;url&quot;:&quot;https:\\\/\\\/www.fleurop-home.ch\\\/de-ch\\\/pc\\\/garten-balkon\\\/outdoorpflanzen\\\/saisonale-pflanzen&quot;,&quot;is_external&quot;:&quot;&quot;,&quot;nofollow&quot;:&quot;&quot;}\" style=\"cursor: pointer\" class=\"elementor-element elementor-element-6b6b4de elementor--h-position-center elementor--v-position-middle elementor-arrows-position-inside elementor-pagination-position-inside elementor-widget elementor-widget-slides\" data-id=\"6b6b4de\" data-element_type=\"widget\" data-e-type=\"widget\" data-settings=\"{&quot;navigation&quot;:&quot;both&quot;,&quot;autoplay&quot;:&quot;yes&quot;,&quot;pause_on_hover&quot;:&quot;yes&quot;,&quot;pause_on_interaction&quot;:&quot;yes&quot;,&quot;autoplay_speed&quot;:5000,&quot;infinite&quot;:&quot;yes&quot;,&quot;transition&quot;:&quot;slide&quot;,&quot;transition_speed&quot;:500}\" data-widget_type=\"slides.default\">\n\t\t\t\t<div class=\"elementor-widget-container\">\n\t\t\t\t\t\t\t\t\t<div class=\"elementor-swiper\">\n\t\t\t\t\t<div class=\"elementor-slides-wrapper elementor-main-swiper swiper\" role=\"region\" aria-roledescription=\"carousel\" aria-label=\"Slider\" dir=\"ltr\" data-animation=\"fadeInUp\">\n\t\t\t\t<div class=\"swiper-wrapper elementor-slides\">\n\t\t\t\t\t\t\t\t\t\t<div class=\"elementor-repeater-item-1aa066d swiper-slide\" role=\"group\" aria-roledescription=\"slide\"><div class=\"swiper-slide-bg\" role=\"img\" aria-label=\"Saisonale Pflanzen\"><\/div><div class=\"elementor-background-overlay\"><\/div><div class=\"swiper-slide-inner\" ><div class=\"swiper-slide-contents\"><div class=\"elementor-slide-heading\">Saisonale-Pflanzen<\/div><div class=\"elementor-slide-description\">Unsere sorgf\u00e4ltig gew\u00e4hlten Pflanzen lassen deinen Garten das ganze Jahr \u00fcber erstrahlen, egal ob Profi oder Hobbyg\u00e4rtner.<\/div><\/div><\/div><\/div>\t\t\t\t<\/div>\n\t\t\t\t\t\t\t<\/div>\n\t\t\t\t<\/div>\n\t\t\t\t\t\t\t\t<\/div>\n\t\t\t\t<\/div>\n\t\t<div class=\"elementor-element elementor-element-d03debc e-con-full e-flex e-con e-child\" data-id=\"d03debc\" data-element_type=\"container\" data-e-type=\"container\" data-settings=\"{&quot;_ha_eqh_enable&quot;:false}\">\n\t\t<div class=\"elementor-element elementor-element-ccdb20a e-con-full e-flex e-con e-child\" data-id=\"ccdb20a\" data-element_type=\"container\" data-e-type=\"container\" data-settings=\"{&quot;_ha_eqh_enable&quot;:false}\">\n\t\t\t\t<div class=\"elementor-element elementor-element-d0716f9 elementor-widget__width-initial elementor-widget elementor-widget-heading\" data-id=\"d0716f9\" data-element_type=\"widget\" data-e-type=\"widget\" data-widget_type=\"heading.default\">\n\t\t\t\t<div class=\"elementor-widget-container\">\n\t\t\t\t\t<h2 class=\"elementor-heading-title elementor-size-default\">\ud83c\udf3c Bl\u00fctenpracht zu jeder Jahreszeit<\/h2>\t\t\t\t<\/div>\n\t\t\t\t<\/div>\n\t\t\t\t<div class=\"elementor-element elementor-element-7f67fac elementor-widget__width-initial elementor-widget-mobile__width-initial elementor-widget elementor-widget-text-editor\" data-id=\"7f67fac\" data-element_type=\"widget\" data-e-type=\"widget\" data-widget_type=\"text-editor.default\">\n\t\t\t\t<div class=\"elementor-widget-container\">\n\t\t\t\t\t\t\t\t\t<p style=\"text-align: center;\">Jede Jahreszeit hat ihren eigenen Charme und ihre besonderen Pflanzen. Im Fr\u00fchling erwachen Tulpen und Narzissen, w\u00e4hrend im Sommer Sonnenblumen und Lavendel in voller Bl\u00fcte stehen. Der Herbst bringt Chrysanthemen und Astern hervor, und selbst im Winter sorgen Christrosen und Winterjasmin f\u00fcr Farbtupfer. Mit der richtigen Auswahl an saisonalen Pflanzen kannst du dein Zuhause das ganze Jahr \u00fcber in ein bl\u00fchendes Paradies verwandeln.<\/p>\t\t\t\t\t\t\t\t<\/div>\n\t\t\t\t<\/div>\n\t\t\t\t<div data-ha-element-link=\"{&quot;url&quot;:&quot;https:\\\/\\\/www.fleurop-home.ch\\\/de-ch\\\/pc\\\/garten-balkon\\\/outdoorpflanzen\\\/saisonale-pflanzen&quot;,&quot;is_external&quot;:&quot;&quot;,&quot;nofollow&quot;:&quot;&quot;}\" style=\"cursor: pointer\" class=\"elementor-element elementor-element-71feddd elementor-align-center elementor-widget elementor-widget-button\" data-id=\"71feddd\" data-element_type=\"widget\" data-e-type=\"widget\" data-widget_type=\"button.default\">\n\t\t\t\t<div class=\"elementor-widget-container\">\n\t\t\t\t\t\t\t\t\t<div class=\"elementor-button-wrapper\">\n\t\t\t\t\t<a class=\"elementor-button elementor-size-sm\" role=\"button\">\n\t\t\t\t\t\t<span class=\"elementor-button-content-wrapper\">\n\t\t\t\t\t\t\t\t\t<span class=\"elementor-button-text\">Zum Angebot<\/span>\n\t\t\t\t\t<\/span>\n\t\t\t\t\t<\/a>\n\t\t\t\t<\/div>\n\t\t\t\t\t\t\t\t<\/div>\n\t\t\t\t<\/div>\n\t\t\t\t<div class=\"elementor-element elementor-element-f5d5987 elementor-widget-divider--view-line elementor-widget elementor-widget-divider\" data-id=\"f5d5987\" data-element_type=\"widget\" data-e-type=\"widget\" data-widget_type=\"divider.default\">\n\t\t\t\t<div class=\"elementor-widget-container\">\n\t\t\t\t\t\t\t<div class=\"elementor-divider\">\n\t\t\t<span class=\"elementor-divider-separator\">\n\t\t\t\t\t\t<\/span>\n\t\t<\/div>\n\t\t\t\t\t\t<\/div>\n\t\t\t\t<\/div>\n\t\t\t\t<\/div>\n\t\t\t\t<\/div>\n\t\t<div class=\"elementor-element elementor-element-87eeb06 e-con-full e-flex e-con e-child\" data-id=\"87eeb06\" data-element_type=\"container\" data-e-type=\"container\" data-settings=\"{&quot;_ha_eqh_enable&quot;:false}\">\n\t\t\t\t<div class=\"elementor-element elementor-element-9eea09b elementor-widget__width-initial elementor-widget elementor-widget-heading\" data-id=\"9eea09b\" data-element_type=\"widget\" data-e-type=\"widget\" data-widget_type=\"heading.default\">\n\t\t\t\t<div class=\"elementor-widget-container\">\n\t\t\t\t\t<h2 class=\"elementor-heading-title elementor-size-default\">\u2728 Entdecke die Vielfalt<\/h2>\t\t\t\t<\/div>\n\t\t\t\t<\/div>\n\t\t\t\t<div class=\"elementor-element elementor-element-29778e6 elementor-widget elementor-widget-spacer\" data-id=\"29778e6\" data-element_type=\"widget\" data-e-type=\"widget\" data-widget_type=\"spacer.default\">\n\t\t\t\t<div class=\"elementor-widget-container\">\n\t\t\t\t\t\t\t<div class=\"elementor-spacer\">\n\t\t\t<div class=\"elementor-spacer-inner\"><\/div>\n\t\t<\/div>\n\t\t\t\t\t\t<\/div>\n\t\t\t\t<\/div>\n\t\t\t\t<div class=\"elementor-element elementor-element-4fb50bf elementor-product-loop-item--align-left elementor-grid-4 elementor-grid-tablet-3 elementor-grid-mobile-2 elementor-products-grid elementor-wc-products elementor-widget elementor-widget-woocommerce-products\" data-id=\"4fb50bf\" data-element_type=\"widget\" data-e-type=\"widget\" data-widget_type=\"woocommerce-products.default\">\n\t\t\t\t<div class=\"elementor-widget-container\">\n\t\t\t\t\t<div class=\"woocommerce columns-4 \"><ul class=\"products elementor-grid columns-4\">\n<li class=\"product type-product post-11812 status-publish first instock product_cat-saisonale-pflanzen product_cat-garten-balkon product_cat-outdoorpflanzen product_tag-santispracht has-post-thumbnail taxable shipping-taxable purchasable product-type-simple\">\n\t<a href=\"https:\/\/www.fleurop-home.ch\/de-ch\/p\/goldsegge-carex-hachijoensis\" class=\"woocommerce-LoopProduct-link woocommerce-loop-product__link\"><a href=\"https:\/\/www.fleurop-home.ch\/de-ch\/p\/goldsegge-carex-hachijoensis\"><div class=\"tp-image-wrapper\"><img decoding=\"async\" class=\"tp-image\" src=\"https:\/\/www.fleurop-home.ch\/wp-content\/uploads\/2024\/09\/Carex-hachijoensis-Evergold-1189-456x456.jpg\" srcset=\"https:\/\/www.fleurop-home.ch\/wp-content\/uploads\/2024\/09\/Carex-hachijoensis-Evergold-1189-456x456.jpg 456w, https:\/\/www.fleurop-home.ch\/wp-content\/uploads\/2024\/09\/Carex-hachijoensis-Evergold-1189-300x300.jpg 300w, https:\/\/www.fleurop-home.ch\/wp-content\/uploads\/2024\/09\/Carex-hachijoensis-Evergold-1189-12x12.jpg 12w, https:\/\/www.fleurop-home.ch\/wp-content\/uploads\/2024\/09\/Carex-hachijoensis-Evergold-1189-400x400.jpg 400w, https:\/\/www.fleurop-home.ch\/wp-content\/uploads\/2024\/09\/Carex-hachijoensis-Evergold-1189-100x100.jpg 100w, https:\/\/www.fleurop-home.ch\/wp-content\/uploads\/2024\/09\/Carex-hachijoensis-Evergold-1189-50x50.jpg 50w, https:\/\/www.fleurop-home.ch\/wp-content\/uploads\/2024\/09\/Carex-hachijoensis-Evergold-1189.jpg 600w\" sizes=\"(max-width: 360px) 100vw, 360px\" alt=\"Goldsegge - Carex hachijoensis\"><img decoding=\"async\" class=\"tp-image-hover\" src=\"https:\/\/www.fleurop-home.ch\/wp-content\/uploads\/2024\/09\/Carex-hachijoensis-Evergold-12er-1189-456x456.jpg\" srcset=\"https:\/\/www.fleurop-home.ch\/wp-content\/uploads\/2024\/09\/Carex-hachijoensis-Evergold-12er-1189-456x456.jpg 456w, https:\/\/www.fleurop-home.ch\/wp-content\/uploads\/2024\/09\/Carex-hachijoensis-Evergold-12er-1189-300x300.jpg 300w, https:\/\/www.fleurop-home.ch\/wp-content\/uploads\/2024\/09\/Carex-hachijoensis-Evergold-12er-1189-12x12.jpg 12w, https:\/\/www.fleurop-home.ch\/wp-content\/uploads\/2024\/09\/Carex-hachijoensis-Evergold-12er-1189-400x400.jpg 400w, https:\/\/www.fleurop-home.ch\/wp-content\/uploads\/2024\/09\/Carex-hachijoensis-Evergold-12er-1189-100x100.jpg 100w, https:\/\/www.fleurop-home.ch\/wp-content\/uploads\/2024\/09\/Carex-hachijoensis-Evergold-12er-1189-50x50.jpg 50w, https:\/\/www.fleurop-home.ch\/wp-content\/uploads\/2024\/09\/Carex-hachijoensis-Evergold-12er-1189.jpg 600w\" sizes=\"(max-width: 360px) 100vw, 360px\" alt=\"Goldsegge - Carex hachijoensis\"><\/div><\/a>            <a href=\"https:\/\/www.fleurop-home.ch\/de-ch\/p\/goldsegge-carex-hachijoensis\"><h2 class=\"woocommerce-loop-product__title\">Goldsegge &#8211; Carex hachijoensis<\/h2><\/a>\n\n\t<span class=\"price\"><span class=\"woocommerce-Price-amount amount\"><bdi><span class=\"woocommerce-Price-currencySymbol\">&#67;&#72;&#70;<\/span>&nbsp;14.80<\/bdi><\/span><\/span>\n\n\n\n<\/a>\n\t<p class=\"wc-gzd-additional-info wc-gzd-additional-info-loop tax-info\">inkl. MwSt.<\/p>\n\n\t<p class=\"wc-gzd-additional-info wc-gzd-additional-info-loop shipping-costs-info\">zzgl. <a href=\"https:\/\/www.fleurop-home.ch\/de-ch\/versandinformationen\" target=\"_blank\">Versandkosten<\/a><\/p>\n\n\t<p class=\"wc-gzd-additional-info delivery-time-info wc-gzd-additional-info-loop\"><span class=\"delivery-time-inner delivery-time-1-3-arbeitstage\">Lieferzeit: <span class=\"delivery-time-data\">1-3 Arbeitstage<\/span><\/span><\/p>\n\n<div class=\"woocommerce-loop-product__buttons\"><a data-quantity=\"3\" href=\"\/de-ch\/wp-json\/wp\/v2\/pages\/62642?add-to-cart=11812\" aria-describedby=\"woocommerce_loop_add_to_cart_link_describedby_11812\" data-quantity=\"1\" class=\"button product_type_simple add_to_cart_button ajax_add_to_cart\" data-product_id=\"11812\" data-product_sku=\"BT-1189\" aria-label=\"In den Warenkorb legen: &quot;Goldsegge - Carex hachijoensis&quot;\" rel=\"nofollow\" data-success_message=\"&quot;Goldsegge - Carex hachijoensis&quot; wurde in deinen Warenkorb gelegt.\" role=\"button\">In den Warenkorb<\/a><\/div>\t<span id=\"woocommerce_loop_add_to_cart_link_describedby_11812\" class=\"screen-reader-text\">\n\t\t\t<\/span>\n<span class=\"gtm4wp_productdata\" style=\"display:none; visibility:hidden;\" data-gtm4wp_product_data=\"{&quot;internal_id&quot;:11812,&quot;item_id&quot;:&quot;BT-1189&quot;,&quot;item_name&quot;:&quot;Goldsegge - Carex hachijoensis&quot;,&quot;sku&quot;:&quot;BT-1189&quot;,&quot;price&quot;:14.8,&quot;stocklevel&quot;:null,&quot;stockstatus&quot;:&quot;instock&quot;,&quot;google_business_vertical&quot;:&quot;retail&quot;,&quot;item_category&quot;:&quot;Garten &amp; Balkon&quot;,&quot;item_category2&quot;:&quot;Outdoorpflanzen&quot;,&quot;item_category3&quot;:&quot;Saisonale-Pflanzen&quot;,&quot;id&quot;:&quot;BT-1189&quot;,&quot;item_brand&quot;:&quot;S\\u00e4ntispracht&quot;,&quot;productlink&quot;:&quot;https:\\\/\\\/www.fleurop-home.ch\\\/de-ch\\\/p\\\/goldsegge-carex-hachijoensis&quot;,&quot;item_list_name&quot;:&quot;General Product List&quot;,&quot;index&quot;:1,&quot;product_type&quot;:&quot;simple&quot;}\"><\/span><\/li>\n<\/ul>\n<\/div>\t\t\t\t<\/div>\n\t\t\t\t<\/div>\n\t\t\t\t<\/div>\n\t\t\t\t<div class=\"elementor-element elementor-element-29525cd elementor-widget elementor-widget-spacer\" data-id=\"29525cd\" data-element_type=\"widget\" data-e-type=\"widget\" data-widget_type=\"spacer.default\">\n\t\t\t\t<div class=\"elementor-widget-container\">\n\t\t\t\t\t\t\t<div class=\"elementor-spacer\">\n\t\t\t<div class=\"elementor-spacer-inner\"><\/div>\n\t\t<\/div>\n\t\t\t\t\t\t<\/div>\n\t\t\t\t<\/div>\n\t\t<div class=\"elementor-element elementor-element-31bacde e-con-full e-flex e-con e-child\" data-id=\"31bacde\" data-element_type=\"container\" data-e-type=\"container\" data-settings=\"{&quot;_ha_eqh_enable&quot;:false}\">\n\t\t\t\t<div class=\"elementor-element elementor-element-f2425ba elementor-widget__width-initial elementor-widget elementor-widget-heading\" data-id=\"f2425ba\" data-element_type=\"widget\" data-e-type=\"widget\" data-widget_type=\"heading.default\">\n\t\t\t\t<div class=\"elementor-widget-container\">\n\t\t\t\t\t<h2 class=\"elementor-heading-title elementor-size-default\">\ud83c\udf31 Impressionen<\/h2>\t\t\t\t<\/div>\n\t\t\t\t<\/div>\n\t\t\t\t<div class=\"elementor-element elementor-element-a5f25f1 elementor-widget elementor-widget-spacer\" data-id=\"a5f25f1\" data-element_type=\"widget\" data-e-type=\"widget\" data-widget_type=\"spacer.default\">\n\t\t\t\t<div class=\"elementor-widget-container\">\n\t\t\t\t\t\t\t<div class=\"elementor-spacer\">\n\t\t\t<div class=\"elementor-spacer-inner\"><\/div>\n\t\t<\/div>\n\t\t\t\t\t\t<\/div>\n\t\t\t\t<\/div>\n\t\t\t\t<div class=\"elementor-element elementor-element-f1b2934 elementor-widget elementor-widget-image-gallery\" data-id=\"f1b2934\" data-element_type=\"widget\" data-e-type=\"widget\" data-widget_type=\"image-gallery.default\">\n\t\t\t\t<div class=\"elementor-widget-container\">\n\t\t\t\t\t\t\t<div class=\"elementor-image-gallery\">\n\t\t\t<div id='gallery-1' class='gallery galleryid-62642 gallery-columns-3 gallery-size-large'><figure class='gallery-item'>\n\t\t\t<div class='gallery-icon landscape'>\n\t\t\t\t<a  href='https:\/\/www.fleurop-home.ch\/wp-content\/uploads\/2025\/09\/FleuropHOME-24_129-scaled.jpg'><img fetchpriority=\"high\" decoding=\"async\" width=\"800\" height=\"533\" src=\"https:\/\/www.fleurop-home.ch\/wp-content\/uploads\/2025\/09\/FleuropHOME-24_129-1920x1280.jpg\" class=\"attachment-large size-large\" alt=\"\" srcset=\"https:\/\/www.fleurop-home.ch\/wp-content\/uploads\/2025\/09\/FleuropHOME-24_129-1920x1280.jpg 1920w, https:\/\/www.fleurop-home.ch\/wp-content\/uploads\/2025\/09\/FleuropHOME-24_129-600x400.jpg 600w, https:\/\/www.fleurop-home.ch\/wp-content\/uploads\/2025\/09\/FleuropHOME-24_129-768x512.jpg 768w, https:\/\/www.fleurop-home.ch\/wp-content\/uploads\/2025\/09\/FleuropHOME-24_129-1536x1024.jpg 1536w, https:\/\/www.fleurop-home.ch\/wp-content\/uploads\/2025\/09\/FleuropHOME-24_129-2048x1365.jpg 2048w, https:\/\/www.fleurop-home.ch\/wp-content\/uploads\/2025\/09\/FleuropHOME-24_129-18x12.jpg 18w, https:\/\/www.fleurop-home.ch\/wp-content\/uploads\/2025\/09\/FleuropHOME-24_129-1080x720.jpg 1080w, https:\/\/www.fleurop-home.ch\/wp-content\/uploads\/2025\/09\/FleuropHOME-24_129-700x467.jpg 700w\" sizes=\"(max-width: 800px) 100vw, 800px\" \/><\/a>\n\t\t\t<\/div><\/figure><figure class='gallery-item'>\n\t\t\t<div class='gallery-icon landscape'>\n\t\t\t\t<a  href='https:\/\/www.fleurop-home.ch\/wp-content\/uploads\/2025\/09\/FleuropHOME-24_127-scaled.jpg'><img decoding=\"async\" width=\"800\" height=\"533\" src=\"https:\/\/www.fleurop-home.ch\/wp-content\/uploads\/2025\/09\/FleuropHOME-24_127-1920x1280.jpg\" class=\"attachment-large size-large\" alt=\"\" srcset=\"https:\/\/www.fleurop-home.ch\/wp-content\/uploads\/2025\/09\/FleuropHOME-24_127-1920x1280.jpg 1920w, https:\/\/www.fleurop-home.ch\/wp-content\/uploads\/2025\/09\/FleuropHOME-24_127-600x400.jpg 600w, https:\/\/www.fleurop-home.ch\/wp-content\/uploads\/2025\/09\/FleuropHOME-24_127-768x512.jpg 768w, https:\/\/www.fleurop-home.ch\/wp-content\/uploads\/2025\/09\/FleuropHOME-24_127-1536x1024.jpg 1536w, https:\/\/www.fleurop-home.ch\/wp-content\/uploads\/2025\/09\/FleuropHOME-24_127-2048x1365.jpg 2048w, https:\/\/www.fleurop-home.ch\/wp-content\/uploads\/2025\/09\/FleuropHOME-24_127-18x12.jpg 18w, https:\/\/www.fleurop-home.ch\/wp-content\/uploads\/2025\/09\/FleuropHOME-24_127-1080x720.jpg 1080w, https:\/\/www.fleurop-home.ch\/wp-content\/uploads\/2025\/09\/FleuropHOME-24_127-700x467.jpg 700w\" sizes=\"(max-width: 800px) 100vw, 800px\" \/><\/a>\n\t\t\t<\/div><\/figure><figure class='gallery-item'>\n\t\t\t<div class='gallery-icon landscape'>\n\t\t\t\t<a  href='https:\/\/www.fleurop-home.ch\/wp-content\/uploads\/2025\/09\/FleuropHOME-24_179-scaled.jpg'><img decoding=\"async\" width=\"800\" height=\"533\" src=\"https:\/\/www.fleurop-home.ch\/wp-content\/uploads\/2025\/09\/FleuropHOME-24_179-1920x1280.jpg\" class=\"attachment-large size-large\" alt=\"\" srcset=\"https:\/\/www.fleurop-home.ch\/wp-content\/uploads\/2025\/09\/FleuropHOME-24_179-1920x1280.jpg 1920w, https:\/\/www.fleurop-home.ch\/wp-content\/uploads\/2025\/09\/FleuropHOME-24_179-600x400.jpg 600w, https:\/\/www.fleurop-home.ch\/wp-content\/uploads\/2025\/09\/FleuropHOME-24_179-768x512.jpg 768w, https:\/\/www.fleurop-home.ch\/wp-content\/uploads\/2025\/09\/FleuropHOME-24_179-1536x1024.jpg 1536w, https:\/\/www.fleurop-home.ch\/wp-content\/uploads\/2025\/09\/FleuropHOME-24_179-2048x1365.jpg 2048w, https:\/\/www.fleurop-home.ch\/wp-content\/uploads\/2025\/09\/FleuropHOME-24_179-18x12.jpg 18w, https:\/\/www.fleurop-home.ch\/wp-content\/uploads\/2025\/09\/FleuropHOME-24_179-1080x720.jpg 1080w, https:\/\/www.fleurop-home.ch\/wp-content\/uploads\/2025\/09\/FleuropHOME-24_179-700x467.jpg 700w\" sizes=\"(max-width: 800px) 100vw, 800px\" \/><\/a>\n\t\t\t<\/div><\/figure><figure class='gallery-item'>\n\t\t\t<div class='gallery-icon landscape'>\n\t\t\t\t<a  href='https:\/\/www.fleurop-home.ch\/wp-content\/uploads\/2025\/09\/FleuropHOME-24_178-scaled.jpg'><img loading=\"lazy\" decoding=\"async\" width=\"800\" height=\"533\" src=\"https:\/\/www.fleurop-home.ch\/wp-content\/uploads\/2025\/09\/FleuropHOME-24_178-1920x1280.jpg\" class=\"attachment-large size-large\" alt=\"\" srcset=\"https:\/\/www.fleurop-home.ch\/wp-content\/uploads\/2025\/09\/FleuropHOME-24_178-1920x1280.jpg 1920w, https:\/\/www.fleurop-home.ch\/wp-content\/uploads\/2025\/09\/FleuropHOME-24_178-600x400.jpg 600w, https:\/\/www.fleurop-home.ch\/wp-content\/uploads\/2025\/09\/FleuropHOME-24_178-768x512.jpg 768w, https:\/\/www.fleurop-home.ch\/wp-content\/uploads\/2025\/09\/FleuropHOME-24_178-1536x1024.jpg 1536w, https:\/\/www.fleurop-home.ch\/wp-content\/uploads\/2025\/09\/FleuropHOME-24_178-2048x1365.jpg 2048w, https:\/\/www.fleurop-home.ch\/wp-content\/uploads\/2025\/09\/FleuropHOME-24_178-18x12.jpg 18w, https:\/\/www.fleurop-home.ch\/wp-content\/uploads\/2025\/09\/FleuropHOME-24_178-1080x720.jpg 1080w, https:\/\/www.fleurop-home.ch\/wp-content\/uploads\/2025\/09\/FleuropHOME-24_178-700x467.jpg 700w\" sizes=\"(max-width: 800px) 100vw, 800px\" \/><\/a>\n\t\t\t<\/div><\/figure><figure class='gallery-item'>\n\t\t\t<div class='gallery-icon landscape'>\n\t\t\t\t<a  href='https:\/\/www.fleurop-home.ch\/wp-content\/uploads\/2025\/09\/FleuropHOME-24_154-scaled.jpg'><img loading=\"lazy\" decoding=\"async\" width=\"800\" height=\"533\" src=\"https:\/\/www.fleurop-home.ch\/wp-content\/uploads\/2025\/09\/FleuropHOME-24_154-1920x1280.jpg\" class=\"attachment-large size-large\" alt=\"\" srcset=\"https:\/\/www.fleurop-home.ch\/wp-content\/uploads\/2025\/09\/FleuropHOME-24_154-1920x1280.jpg 1920w, https:\/\/www.fleurop-home.ch\/wp-content\/uploads\/2025\/09\/FleuropHOME-24_154-600x400.jpg 600w, https:\/\/www.fleurop-home.ch\/wp-content\/uploads\/2025\/09\/FleuropHOME-24_154-768x512.jpg 768w, https:\/\/www.fleurop-home.ch\/wp-content\/uploads\/2025\/09\/FleuropHOME-24_154-1536x1024.jpg 1536w, https:\/\/www.fleurop-home.ch\/wp-content\/uploads\/2025\/09\/FleuropHOME-24_154-2048x1365.jpg 2048w, https:\/\/www.fleurop-home.ch\/wp-content\/uploads\/2025\/09\/FleuropHOME-24_154-18x12.jpg 18w, https:\/\/www.fleurop-home.ch\/wp-content\/uploads\/2025\/09\/FleuropHOME-24_154-1080x720.jpg 1080w, https:\/\/www.fleurop-home.ch\/wp-content\/uploads\/2025\/09\/FleuropHOME-24_154-700x467.jpg 700w\" sizes=\"(max-width: 800px) 100vw, 800px\" \/><\/a>\n\t\t\t<\/div><\/figure><figure class='gallery-item'>\n\t\t\t<div class='gallery-icon landscape'>\n\t\t\t\t<a  href='https:\/\/www.fleurop-home.ch\/wp-content\/uploads\/2025\/09\/FleuropHOME-24_150-scaled.jpg'><img loading=\"lazy\" decoding=\"async\" width=\"800\" height=\"533\" src=\"https:\/\/www.fleurop-home.ch\/wp-content\/uploads\/2025\/09\/FleuropHOME-24_150-1920x1280.jpg\" class=\"attachment-large size-large\" alt=\"\" srcset=\"https:\/\/www.fleurop-home.ch\/wp-content\/uploads\/2025\/09\/FleuropHOME-24_150-1920x1280.jpg 1920w, https:\/\/www.fleurop-home.ch\/wp-content\/uploads\/2025\/09\/FleuropHOME-24_150-600x400.jpg 600w, https:\/\/www.fleurop-home.ch\/wp-content\/uploads\/2025\/09\/FleuropHOME-24_150-768x512.jpg 768w, https:\/\/www.fleurop-home.ch\/wp-content\/uploads\/2025\/09\/FleuropHOME-24_150-1536x1024.jpg 1536w, https:\/\/www.fleurop-home.ch\/wp-content\/uploads\/2025\/09\/FleuropHOME-24_150-2048x1365.jpg 2048w, https:\/\/www.fleurop-home.ch\/wp-content\/uploads\/2025\/09\/FleuropHOME-24_150-18x12.jpg 18w, https:\/\/www.fleurop-home.ch\/wp-content\/uploads\/2025\/09\/FleuropHOME-24_150-1080x720.jpg 1080w, https:\/\/www.fleurop-home.ch\/wp-content\/uploads\/2025\/09\/FleuropHOME-24_150-700x467.jpg 700w\" sizes=\"(max-width: 800px) 100vw, 800px\" \/><\/a>\n\t\t\t<\/div><\/figure>\n\t\t<\/div>\n\t\t<\/div>\n\t\t\t\t\t\t<\/div>\n\t\t\t\t<\/div>\n\t\t\t\t<div data-ha-element-link=\"{&quot;url&quot;:&quot;https:\\\/\\\/www.fleurop-home.ch\\\/de-ch\\\/pc\\\/garten-balkon\\\/outdoorpflanzen\\\/saisonale-pflanzen&quot;,&quot;is_external&quot;:&quot;&quot;,&quot;nofollow&quot;:&quot;&quot;}\" style=\"cursor: pointer\" class=\"elementor-element elementor-element-7ca6714 elementor-align-center elementor-widget elementor-widget-button\" data-id=\"7ca6714\" data-element_type=\"widget\" data-e-type=\"widget\" data-widget_type=\"button.default\">\n\t\t\t\t<div class=\"elementor-widget-container\">\n\t\t\t\t\t\t\t\t\t<div class=\"elementor-button-wrapper\">\n\t\t\t\t\t<a class=\"elementor-button elementor-size-sm\" role=\"button\">\n\t\t\t\t\t\t<span class=\"elementor-button-content-wrapper\">\n\t\t\t\t\t\t\t\t\t<span class=\"elementor-button-text\">Zum Angebot<\/span>\n\t\t\t\t\t<\/span>\n\t\t\t\t\t<\/a>\n\t\t\t\t<\/div>\n\t\t\t\t\t\t\t\t<\/div>\n\t\t\t\t<\/div>\n\t\t\t\t<div class=\"elementor-element elementor-element-b270cd2 elementor-widget-divider--view-line elementor-widget elementor-widget-divider\" data-id=\"b270cd2\" data-element_type=\"widget\" data-e-type=\"widget\" data-widget_type=\"divider.default\">\n\t\t\t\t<div class=\"elementor-widget-container\">\n\t\t\t\t\t\t\t<div class=\"elementor-divider\">\n\t\t\t<span class=\"elementor-divider-separator\">\n\t\t\t\t\t\t<\/span>\n\t\t<\/div>\n\t\t\t\t\t\t<\/div>\n\t\t\t\t<\/div>\n\t\t\t\t<\/div>\n\t\t\t\t\t<\/div>\n\t\t\t\t<\/div>\n\t\t\t\t<\/div>\n\t\t","protected":false},"excerpt":{"rendered":"<p>Saisonale-PflanzenUnsere sorgf\u00e4ltig gew\u00e4hlten Pflanzen lassen deinen Garten das ganze Jahr \u00fcber erstrahlen, egal ob Profi oder Hobbyg\u00e4rtner. \ud83c\udf3c Bl\u00fctenpracht zu jeder Jahreszeit Jede Jahreszeit hat ihren eigenen Charme und ihre besonderen Pflanzen. Im Fr\u00fchling erwachen Tulpen und Narzissen, w\u00e4hrend im Sommer Sonnenblumen und Lavendel in voller Bl\u00fcte stehen. Der Herbst bringt Chrysanthemen und Astern hervor, [&hellip;]<\/p>\n","protected":false},"author":17,"featured_media":0,"parent":0,"menu_order":0,"comment_status":"closed","ping_status":"closed","template":"","meta":{"footnotes":""},"class_list":["post-62642","page","type-page","status-publish","hentry"],"_links":{"self":[{"href":"https:\/\/www.fleurop-home.ch\/de-ch\/wp-json\/wp\/v2\/pages\/62642","targetHints":{"allow":["GET"]}}],"collection":[{"href":"https:\/\/www.fleurop-home.ch\/de-ch\/wp-json\/wp\/v2\/pages"}],"about":[{"href":"https:\/\/www.fleurop-home.ch\/de-ch\/wp-json\/wp\/v2\/types\/page"}],"author":[{"embeddable":true,"href":"https:\/\/www.fleurop-home.ch\/de-ch\/wp-json\/wp\/v2\/users\/17"}],"replies":[{"embeddable":true,"href":"https:\/\/www.fleurop-home.ch\/de-ch\/wp-json\/wp\/v2\/comments?post=62642"}],"version-history":[{"count":0,"href":"https:\/\/www.fleurop-home.ch\/de-ch\/wp-json\/wp\/v2\/pages\/62642\/revisions"}],"wp:attachment":[{"href":"https:\/\/www.fleurop-home.ch\/de-ch\/wp-json\/wp\/v2\/media?parent=62642"}],"curies":[{"name":"wp","href":"https:\/\/api.w.org\/{rel}","templated":true}]}}