{"id":35421,"date":"2024-06-10T08:49:40","date_gmt":"2024-06-10T06:49:40","guid":{"rendered":"https:\/\/www.fleurop-home.ch\/?page_id=35421"},"modified":"2024-06-10T17:19:05","modified_gmt":"2024-06-10T15:19:05","slug":"elementor-35421","status":"publish","type":"page","link":"https:\/\/www.fleurop-home.ch\/de-ch\/elementor-35421","title":{"rendered":"Geschenkkarten einl\u00f6sen"},"content":{"rendered":"\t\t<div data-elementor-type=\"wp-page\" data-elementor-id=\"35421\" class=\"elementor elementor-35421\" data-elementor-settings=\"{&quot;ha_cmc_init_switcher&quot;:&quot;no&quot;}\" data-elementor-post-type=\"page\">\n\t\t\t\t<div class=\"elementor-element elementor-element-3345ed2 e-flex e-con-boxed e-con e-parent\" data-id=\"3345ed2\" data-element_type=\"container\" data-e-type=\"container\" data-settings=\"{&quot;_ha_eqh_enable&quot;:false}\">\n\t\t\t\t\t<div class=\"e-con-inner\">\n\t\t\t\t<div class=\"elementor-element elementor-element-da9ebda elementor-widget elementor-widget-text-editor\" data-id=\"da9ebda\" data-element_type=\"widget\" data-e-type=\"widget\" data-widget_type=\"text-editor.default\">\n\t\t\t\t<div class=\"elementor-widget-container\">\n\t\t\t\t\t\t\t\t\t<p>Wir danken Ihnen f\u00fcr Ihre Treue und Ihr Verst\u00e4ndnis. Aufgrund technischer Anpassungen k\u00f6nnen die Geschenkkarten-Codes aus unserem alten Webshop derzeit leider nicht direkt in unserem neuen Webshop eingel\u00f6st werden. Das FleuropHOME-Team arbeitet intensiv an einer L\u00f6sung.<\/p><p>Bis dahin bieten wir Ihnen mit dem untenstehenden Formular zwei unkomplizierte M\u00f6glichkeiten an, Ihre Geschenkkarte dennoch zu nutzen:<\/p><p><strong>Variante A:<\/strong><br \/>Schicken Sie uns den Wert Ihres aktuellen Warenkorbs. Wir senden Ihnen einen Rabattcode in entsprechender H\u00f6he, den Sie f\u00fcr Ihren Einkauf nutzen k\u00f6nnen.<\/p><p><strong>Variante B:<\/strong><br \/>Senden Sie uns den Gesamtwert Ihrer Geschenkkarte. Wir senden Ihnen einen Rabattcode \u00fcber den gesamten Betrag. Bitte beachten Sie, dass Sie diesen Betrag bei der Bestellung vollst\u00e4ndig einl\u00f6sen m\u00fcssen.<\/p><p>Bitte geben Sie dazu einfach Ihren Geschenkkarten-Code und Ihren Namen an. Wir entschuldigen uns f\u00fcr die entstandenen Unannehmlichkeiten und danken Ihnen f\u00fcr Ihr Verst\u00e4ndnis.<\/p>\t\t\t\t\t\t\t\t<\/div>\n\t\t\t\t<\/div>\n\t\t\t\t\t<\/div>\n\t\t\t\t<\/div>\n\t\t<div class=\"elementor-element elementor-element-99beb32 e-flex e-con-boxed e-con e-parent\" data-id=\"99beb32\" data-element_type=\"container\" data-e-type=\"container\" data-settings=\"{&quot;_ha_eqh_enable&quot;:false}\">\n\t\t\t\t\t<div class=\"e-con-inner\">\n\t\t\t\t<div class=\"elementor-element elementor-element-7dfb82f elementor-widget elementor-widget-heading\" data-id=\"7dfb82f\" data-element_type=\"widget\" data-e-type=\"widget\" data-widget_type=\"heading.default\">\n\t\t\t\t<div class=\"elementor-widget-container\">\n\t\t\t\t\t<h2 class=\"elementor-heading-title elementor-size-default\">Ihre Angaben:<\/h2>\t\t\t\t<\/div>\n\t\t\t\t<\/div>\n\t\t\t\t<div class=\"elementor-element elementor-element-199298a elementor-button-align-stretch elementor-widget elementor-widget-form\" data-id=\"199298a\" data-element_type=\"widget\" data-e-type=\"widget\" data-settings=\"{&quot;step_next_label&quot;:&quot;Next&quot;,&quot;step_previous_label&quot;:&quot;Previous&quot;,&quot;button_width&quot;:&quot;100&quot;,&quot;step_type&quot;:&quot;number_text&quot;,&quot;step_icon_shape&quot;:&quot;circle&quot;}\" data-widget_type=\"form.default\">\n\t\t\t\t<div class=\"elementor-widget-container\">\n\t\t\t\t\t\t\t<form class=\"elementor-form\" method=\"post\" name=\"Geschenkkarte einl\u00f6sen\" aria-label=\"Geschenkkarte einl\u00f6sen\">\n\t\t\t<input type=\"hidden\" name=\"post_id\" value=\"35421\"\/>\n\t\t\t<input type=\"hidden\" name=\"form_id\" value=\"199298a\"\/>\n\t\t\t<input type=\"hidden\" name=\"referer_title\" value=\"\" \/>\n\n\t\t\t\n\t\t\t<div class=\"elementor-form-fields-wrapper elementor-labels-above\">\n\t\t\t\t\t\t\t\t<div class=\"elementor-field-type-text elementor-field-group elementor-column elementor-field-group-field_46f8bc2 elementor-col-100 elementor-field-required elementor-mark-required\">\n\t\t\t\t\t\t\t\t\t\t\t\t<label for=\"form-field-field_46f8bc2\" class=\"elementor-field-label\">\n\t\t\t\t\t\t\t\tVorname\t\t\t\t\t\t\t<\/label>\n\t\t\t\t\t\t\t\t\t\t\t\t\t\t<input size=\"1\" type=\"text\" name=\"form_fields[field_46f8bc2]\" id=\"form-field-field_46f8bc2\" class=\"elementor-field elementor-size-md  elementor-field-textual\" placeholder=\"Vorname\" required=\"required\">\n\t\t\t\t\t\t\t\t\t\t\t<\/div>\n\t\t\t\t\t\t\t\t<div class=\"elementor-field-type-text elementor-field-group elementor-column elementor-field-group-name elementor-col-100 elementor-field-required elementor-mark-required\">\n\t\t\t\t\t\t\t\t\t\t\t\t<label for=\"form-field-name\" class=\"elementor-field-label\">\n\t\t\t\t\t\t\t\tName\t\t\t\t\t\t\t<\/label>\n\t\t\t\t\t\t\t\t\t\t\t\t\t\t<input size=\"1\" type=\"text\" name=\"form_fields[name]\" id=\"form-field-name\" class=\"elementor-field elementor-size-md  elementor-field-textual\" placeholder=\"Name\" required=\"required\">\n\t\t\t\t\t\t\t\t\t\t\t<\/div>\n\t\t\t\t\t\t\t\t<div class=\"elementor-field-type-email elementor-field-group elementor-column elementor-field-group-email elementor-col-100 elementor-field-required elementor-mark-required\">\n\t\t\t\t\t\t\t\t\t\t\t\t<label for=\"form-field-email\" class=\"elementor-field-label\">\n\t\t\t\t\t\t\t\tE-Mail\t\t\t\t\t\t\t<\/label>\n\t\t\t\t\t\t\t\t\t\t\t\t\t\t<input size=\"1\" type=\"email\" name=\"form_fields[email]\" id=\"form-field-email\" class=\"elementor-field elementor-size-md  elementor-field-textual\" placeholder=\"E-Mail\" required=\"required\">\n\t\t\t\t\t\t\t\t\t\t\t<\/div>\n\t\t\t\t\t\t\t\t<div class=\"elementor-field-type-text elementor-field-group elementor-column elementor-field-group-field_22ac65c elementor-col-100 elementor-field-required elementor-mark-required\">\n\t\t\t\t\t\t\t\t\t\t\t\t<label for=\"form-field-field_22ac65c\" class=\"elementor-field-label\">\n\t\t\t\t\t\t\t\tGeschenkkarten-Code\t\t\t\t\t\t\t<\/label>\n\t\t\t\t\t\t\t\t\t\t\t\t\t\t<input size=\"1\" type=\"text\" name=\"form_fields[field_22ac65c]\" id=\"form-field-field_22ac65c\" class=\"elementor-field elementor-size-md  elementor-field-textual\" placeholder=\"Code eingeben\" required=\"required\">\n\t\t\t\t\t\t\t\t\t\t\t<\/div>\n\t\t\t\t\t\t\t\t<div class=\"elementor-field-type-checkbox elementor-field-group elementor-column elementor-field-group-field_24f0ccd elementor-col-100\">\n\t\t\t\t\t\t\t\t\t\t\t\t<label for=\"form-field-field_24f0ccd\" class=\"elementor-field-label\">\n\t\t\t\t\t\t\t\tVariante w\u00e4hlen\t\t\t\t\t\t\t<\/label>\n\t\t\t\t\t\t<div class=\"elementor-field-subgroup  elementor-subgroup-inline\"><span class=\"elementor-field-option\"><input type=\"checkbox\" value=\"Variante A\" id=\"form-field-field_24f0ccd-0\" name=\"form_fields[field_24f0ccd][]\"> <label for=\"form-field-field_24f0ccd-0\">Variante A<\/label><\/span><span class=\"elementor-field-option\"><input type=\"checkbox\" value=\"Variante B\" id=\"form-field-field_24f0ccd-1\" name=\"form_fields[field_24f0ccd][]\"> <label for=\"form-field-field_24f0ccd-1\">Variante B<\/label><\/span><\/div>\t\t\t\t<\/div>\n\t\t\t\t\t\t\t\t<div class=\"elementor-field-type-number elementor-field-group elementor-column elementor-field-group-field_b5e8dd9 elementor-col-100 elementor-field-required elementor-mark-required\">\n\t\t\t\t\t\t\t\t\t\t\t\t<label for=\"form-field-field_b5e8dd9\" class=\"elementor-field-label\">\n\t\t\t\t\t\t\t\tGew\u00fcnschten Betrag (in CHF)\t\t\t\t\t\t\t<\/label>\n\t\t\t\t\t\t\t\t\t<input type=\"number\" name=\"form_fields[field_b5e8dd9]\" id=\"form-field-field_b5e8dd9\" class=\"elementor-field elementor-size-md  elementor-field-textual\" placeholder=\"Betrag eingeben\" required=\"required\" min=\"\" max=\"\" >\n\t\t\t\t\t\t<\/div>\n\t\t\t\t\t\t\t\t<div class=\"elementor-field-group elementor-column elementor-field-type-submit elementor-col-100 e-form__buttons\">\n\t\t\t\t\t<button class=\"elementor-button elementor-size-sm\" type=\"submit\">\n\t\t\t\t\t\t<span class=\"elementor-button-content-wrapper\">\n\t\t\t\t\t\t\t\t\t\t\t\t\t\t\t\t\t\t\t\t\t\t<span class=\"elementor-button-text\">Absenden<\/span>\n\t\t\t\t\t\t\t\t\t\t\t\t\t<\/span>\n\t\t\t\t\t<\/button>\n\t\t\t\t<\/div>\n\t\t\t<\/div>\n\t\t<\/form>\n\t\t\t\t\t\t<\/div>\n\t\t\t\t<\/div>\n\t\t\t\t\t<\/div>\n\t\t\t\t<\/div>\n\t\t\t\t<\/div>\n\t\t","protected":false},"excerpt":{"rendered":"<p>Wir danken Ihnen f\u00fcr Ihre Treue und Ihr Verst\u00e4ndnis. Aufgrund technischer Anpassungen k\u00f6nnen die Geschenkkarten-Codes aus unserem alten Webshop derzeit leider nicht direkt in unserem neuen Webshop eingel\u00f6st werden. Das FleuropHOME-Team arbeitet intensiv an einer L\u00f6sung. Bis dahin bieten wir Ihnen mit dem untenstehenden Formular zwei unkomplizierte M\u00f6glichkeiten an, Ihre Geschenkkarte dennoch zu nutzen: Variante [&hellip;]<\/p>\n","protected":false},"author":3,"featured_media":0,"parent":0,"menu_order":0,"comment_status":"closed","ping_status":"closed","template":"","meta":{"footnotes":""},"class_list":["post-35421","page","type-page","status-publish","hentry"],"_links":{"self":[{"href":"https:\/\/www.fleurop-home.ch\/de-ch\/wp-json\/wp\/v2\/pages\/35421","targetHints":{"allow":["GET"]}}],"collection":[{"href":"https:\/\/www.fleurop-home.ch\/de-ch\/wp-json\/wp\/v2\/pages"}],"about":[{"href":"https:\/\/www.fleurop-home.ch\/de-ch\/wp-json\/wp\/v2\/types\/page"}],"author":[{"embeddable":true,"href":"https:\/\/www.fleurop-home.ch\/de-ch\/wp-json\/wp\/v2\/users\/3"}],"replies":[{"embeddable":true,"href":"https:\/\/www.fleurop-home.ch\/de-ch\/wp-json\/wp\/v2\/comments?post=35421"}],"version-history":[{"count":0,"href":"https:\/\/www.fleurop-home.ch\/de-ch\/wp-json\/wp\/v2\/pages\/35421\/revisions"}],"wp:attachment":[{"href":"https:\/\/www.fleurop-home.ch\/de-ch\/wp-json\/wp\/v2\/media?parent=35421"}],"curies":[{"name":"wp","href":"https:\/\/api.w.org\/{rel}","templated":true}]}}