{"id":34179,"date":"2024-05-20T11:14:01","date_gmt":"2024-05-20T09:14:01","guid":{"rendered":"https:\/\/www.fleurop-home.ch\/?page_id=34179"},"modified":"2024-06-07T18:04:14","modified_gmt":"2024-06-07T16:04:14","slug":"widerrufsrecht-retouren","status":"publish","type":"page","link":"https:\/\/www.fleurop-home.ch\/de-ch\/widerrufsrecht-retouren","title":{"rendered":"Widerrufsrecht &amp; Retouren"},"content":{"rendered":"\t\t<div data-elementor-type=\"wp-page\" data-elementor-id=\"34179\" class=\"elementor elementor-34179\" data-elementor-settings=\"{&quot;ha_cmc_init_switcher&quot;:&quot;no&quot;}\" data-elementor-post-type=\"page\">\n\t\t\t\t<div class=\"elementor-element elementor-element-37716ada e-flex e-con-boxed e-con e-parent\" data-id=\"37716ada\" data-element_type=\"container\" data-e-type=\"container\" data-settings=\"{&quot;_ha_eqh_enable&quot;:false}\">\n\t\t\t\t\t<div class=\"e-con-inner\">\n\t\t\t\t<div class=\"elementor-element elementor-element-19724da6 elementor-widget elementor-widget-text-editor\" data-id=\"19724da6\" data-element_type=\"widget\" data-e-type=\"widget\" data-widget_type=\"text-editor.default\">\n\t\t\t\t<div class=\"elementor-widget-container\">\n\t\t\t\t\t\t\t\t\t<p><\/p>\n<p>Die Standardlieferzeit betr\u00e4gt, sofern nicht beim Angebot anders angegeben, 1 bis 3 Werktage (siehe AGB: Lieferbedingungen).<\/p>\n<p>Bestellungen verpflichten den Kunden grunds\u00e4tzlich zur Abnahme der Produkte. Nachtr\u00e4gliche \u00c4nderungen oder Stornierungen sind nur m\u00f6glich, wenn die Ware noch nicht zum Versand vorbereitet wurde (siehe AGB: nachtr\u00e4gliche \u00c4nderung und Stornierung).<\/p>\n<p>F\u00fcr Blumen, Pflanzen und Lebensmittel besteht kein R\u00fcckgaberecht.\u00a0<\/p>\n<p><\/p>\t\t\t\t\t\t\t\t<\/div>\n\t\t\t\t<\/div>\n\t\t\t\t\t<\/div>\n\t\t\t\t<\/div>\n\t\t\t\t<\/div>\n\t\t","protected":false},"excerpt":{"rendered":"<p>Die Standardlieferzeit betr\u00e4gt, sofern nicht beim Angebot anders angegeben, 1 bis 3 Werktage (siehe AGB: Lieferbedingungen). Bestellungen verpflichten den Kunden grunds\u00e4tzlich zur Abnahme der Produkte. Nachtr\u00e4gliche \u00c4nderungen oder Stornierungen sind nur m\u00f6glich, wenn die Ware noch nicht zum Versand vorbereitet wurde (siehe AGB: nachtr\u00e4gliche \u00c4nderung und Stornierung). F\u00fcr Blumen, Pflanzen und Lebensmittel besteht kein R\u00fcckgaberecht.\u00a0<\/p>\n","protected":false},"author":2,"featured_media":0,"parent":0,"menu_order":0,"comment_status":"closed","ping_status":"closed","template":"","meta":{"footnotes":""},"class_list":["post-34179","page","type-page","status-publish","hentry"],"_links":{"self":[{"href":"https:\/\/www.fleurop-home.ch\/de-ch\/wp-json\/wp\/v2\/pages\/34179","targetHints":{"allow":["GET"]}}],"collection":[{"href":"https:\/\/www.fleurop-home.ch\/de-ch\/wp-json\/wp\/v2\/pages"}],"about":[{"href":"https:\/\/www.fleurop-home.ch\/de-ch\/wp-json\/wp\/v2\/types\/page"}],"author":[{"embeddable":true,"href":"https:\/\/www.fleurop-home.ch\/de-ch\/wp-json\/wp\/v2\/users\/2"}],"replies":[{"embeddable":true,"href":"https:\/\/www.fleurop-home.ch\/de-ch\/wp-json\/wp\/v2\/comments?post=34179"}],"version-history":[{"count":0,"href":"https:\/\/www.fleurop-home.ch\/de-ch\/wp-json\/wp\/v2\/pages\/34179\/revisions"}],"wp:attachment":[{"href":"https:\/\/www.fleurop-home.ch\/de-ch\/wp-json\/wp\/v2\/media?parent=34179"}],"curies":[{"name":"wp","href":"https:\/\/api.w.org\/{rel}","templated":true}]}}