{"id":2659,"date":"2023-12-17T16:10:38","date_gmt":"2023-12-17T15:10:38","guid":{"rendered":"https:\/\/www.fleurop-home.ch\/?page_id=2659"},"modified":"2025-03-24T18:08:19","modified_gmt":"2025-03-24T17:08:19","slug":"haftungsausschluss","status":"publish","type":"page","link":"https:\/\/www.fleurop-home.ch\/de-ch\/haftungsausschluss","title":{"rendered":"Haftungsausschluss"},"content":{"rendered":"\t\t<div data-elementor-type=\"wp-page\" data-elementor-id=\"2659\" class=\"elementor elementor-2659\" data-elementor-settings=\"{&quot;ha_cmc_init_switcher&quot;:&quot;no&quot;}\" data-elementor-post-type=\"page\">\n\t\t\t\t<div class=\"elementor-element elementor-element-37716ada e-con-full e-flex e-con e-parent\" data-id=\"37716ada\" data-element_type=\"container\" data-e-type=\"container\" data-settings=\"{&quot;_ha_eqh_enable&quot;:false}\">\n\t\t\t\t<div class=\"elementor-element elementor-element-19724da6 elementor-widget elementor-widget-text-editor\" data-id=\"19724da6\" data-element_type=\"widget\" data-e-type=\"widget\" data-widget_type=\"text-editor.default\">\n\t\t\t\t<div class=\"elementor-widget-container\">\n\t\t\t\t\t\t\t\t\t<p>Fleurop-Interflora (Schweiz) AG ist dem Datenschutz und der Sicherheit der Kundendaten besonders verpflichtet. Mit Nutzung der Webseite<strong> <a href=\"https:\/\/www.fleurop-home.ch\" target=\"_blank\" rel=\"noopener\">www.fleurop-home.ch<\/a><\/strong> (einschliesslich dazugeh\u00f6riger Domains, Subdomains sowie Mobilversionen und Applikationen von Fleurop &#8211; nachfolgend \u00abWebseite\u00bb genannt) erkl\u00e4rt man sich mit der Verwendung seiner Daten laut dieser Datenschutzbestimmungen einverstanden und akzeptiert die nachfolgend aufgef\u00fchrte Datenschutzerkl\u00e4rung.<\/p><p>Die Webseite und die Systeme im Hintergrund, sowie alle eingegebenen Daten sichert Fleurop durch modernste Sicherheitstechnologie gegen unbefugte Zugriffe.<br>Grunds\u00e4tzlich kann man die Webseiten der Fleurop ohne Offenlegung seiner Identit\u00e4t nutzen. Beim Besuch speichert Fleurop anonymisiert verschiedene Informationen (siehe&nbsp;<a href=\"https:\/\/www.fleurop-home.ch\/de-ch\/datenschutzerklaerung\/\">Datenschutzerkl\u00e4rung&nbsp;<\/a>unter &#171;8.0 Erhebung und Nutzung von Daten aus deinen Endger\u00e4ten&#187;)<\/p>\n<p>Fleurop ist f\u00fcr den Datenschutz auf ihre eigenen Internetseiten verantwortlich, nicht aber f\u00fcr Internetseiten von Dritten, auf die durch Verlinkung auf einer der Fleurop-Seiten verwiesen wird. Zudem kann Fleurop f\u00fcr die Sicherheit der \u00fcber das Internet \u00fcbermittelten Daten grunds\u00e4tzlich keine Haftung \u00fcbernehmen.<\/p>\t\t\t\t\t\t\t\t<\/div>\n\t\t\t\t<\/div>\n\t\t\t\t<\/div>\n\t\t\t\t<\/div>\n\t\t","protected":false},"excerpt":{"rendered":"<p>Fleurop-Interflora (Schweiz) AG ist dem Datenschutz und der Sicherheit der Kundendaten besonders verpflichtet. Mit Nutzung der Webseite www.fleurop-home.ch (einschliesslich dazugeh\u00f6riger Domains, Subdomains sowie Mobilversionen und Applikationen von Fleurop &#8211; nachfolgend \u00abWebseite\u00bb genannt) erkl\u00e4rt man sich mit der Verwendung seiner Daten laut dieser Datenschutzbestimmungen einverstanden und akzeptiert die nachfolgend aufgef\u00fchrte Datenschutzerkl\u00e4rung. Die Webseite und die Systeme [&hellip;]<\/p>\n","protected":false},"author":2,"featured_media":0,"parent":0,"menu_order":0,"comment_status":"closed","ping_status":"closed","template":"","meta":{"footnotes":""},"class_list":["post-2659","page","type-page","status-publish","hentry"],"_links":{"self":[{"href":"https:\/\/www.fleurop-home.ch\/de-ch\/wp-json\/wp\/v2\/pages\/2659","targetHints":{"allow":["GET"]}}],"collection":[{"href":"https:\/\/www.fleurop-home.ch\/de-ch\/wp-json\/wp\/v2\/pages"}],"about":[{"href":"https:\/\/www.fleurop-home.ch\/de-ch\/wp-json\/wp\/v2\/types\/page"}],"author":[{"embeddable":true,"href":"https:\/\/www.fleurop-home.ch\/de-ch\/wp-json\/wp\/v2\/users\/2"}],"replies":[{"embeddable":true,"href":"https:\/\/www.fleurop-home.ch\/de-ch\/wp-json\/wp\/v2\/comments?post=2659"}],"version-history":[{"count":0,"href":"https:\/\/www.fleurop-home.ch\/de-ch\/wp-json\/wp\/v2\/pages\/2659\/revisions"}],"wp:attachment":[{"href":"https:\/\/www.fleurop-home.ch\/de-ch\/wp-json\/wp\/v2\/media?parent=2659"}],"curies":[{"name":"wp","href":"https:\/\/api.w.org\/{rel}","templated":true}]}}