{"id":2274,"date":"2023-11-23T13:35:03","date_gmt":"2023-11-23T12:35:03","guid":{"rendered":"https:\/\/www.fleurop-home.ch\/?page_id=2274"},"modified":"2024-09-25T14:03:29","modified_gmt":"2024-09-25T12:03:29","slug":"versandinformationen","status":"publish","type":"page","link":"https:\/\/www.fleurop-home.ch\/de-ch\/versandinformationen","title":{"rendered":"Versandinformationen"},"content":{"rendered":"\t\t<div data-elementor-type=\"wp-page\" data-elementor-id=\"2274\" class=\"elementor elementor-2274\" data-elementor-settings=\"{&quot;ha_cmc_init_switcher&quot;:&quot;no&quot;}\" data-elementor-post-type=\"page\">\n\t\t\t\t<div class=\"elementor-element elementor-element-37716ada e-flex e-con-boxed e-con e-parent\" data-id=\"37716ada\" data-element_type=\"container\" data-e-type=\"container\" data-settings=\"{&quot;_ha_eqh_enable&quot;:false}\">\n\t\t\t\t\t<div class=\"e-con-inner\">\n\t\t\t\t<div class=\"elementor-element elementor-element-19724da6 elementor-widget elementor-widget-text-editor\" data-id=\"19724da6\" data-element_type=\"widget\" data-e-type=\"widget\" data-widget_type=\"text-editor.default\">\n\t\t\t\t<div class=\"elementor-widget-container\">\n\t\t\t\t\t\t\t\t\t<p><\/p>\n<p>Die Standardlieferzeit betr\u00e4gt, sofern nicht beim Angebot anders angegeben, 1 bis 3 Werktage (siehe AGB: <a href=\"https:\/\/www.fleurop-home.ch\/de-ch\/allgemeine-geschaeftsbedingungen#:~:text=5.%20Lieferbedingungen\">Lieferbedingungen<\/a>).<\/p>\n<p>Schon ab einem Einkaufswert von CHF 50.- schenken wir dir die Versandkosten! Bei Bestellungen unter CHF 50.- bitten wir um Verst\u00e4ndnis, dass Versandkosten in H\u00f6he von CHF 8.90 anfallen.<\/p>\n<p>Bestellungen verpflichten den Kunden grunds\u00e4tzlich zur Abnahme der Produkte. Nachtr\u00e4gliche \u00c4nderungen oder Stornierungen sind nur m\u00f6glich, wenn die Ware noch nicht zum Versand vorbereitet wurde (siehe AGB: <a href=\"https:\/\/www.fleurop-home.ch\/de-ch\/allgemeine-geschaeftsbedingungen#:~:text=9.%20Nachtr%C3%A4gliche%20%C3%84nderung%20und%20Stornierung\">nachtr\u00e4gliche \u00c4nderung und Stornierung)<\/a>.<\/p>\n<p>F\u00fcr Blumen, Pflanzen und Lebensmittel besteht kein grunds\u00e4tzliches R\u00fcckgaberecht. Dieses kann bei diesen Artikeln nur geltend gemacht werden, wenn sie M\u00e4ngel aufweisen (siehe AGB: <a href=\"https:\/\/www.fleurop-home.ch\/de-ch\/allgemeine-geschaeftsbedingungen#:~:text=Fleurop%20nicht%20gestattet.-,11.%20Gew%C3%A4hrleistung,-Fleurop%20leistet%20Gew%C3%A4hr\">R\u00fcckgaberecht, Gew\u00e4hrleistung und Haftung<\/a>).<\/p>\n<p><\/p>\t\t\t\t\t\t\t\t<\/div>\n\t\t\t\t<\/div>\n\t\t\t\t\t<\/div>\n\t\t\t\t<\/div>\n\t\t\t\t<\/div>\n\t\t","protected":false},"excerpt":{"rendered":"<p>Die Standardlieferzeit betr\u00e4gt, sofern nicht beim Angebot anders angegeben, 1 bis 3 Werktage (siehe AGB: Lieferbedingungen). Schon ab einem Einkaufswert von CHF 50.- schenken wir dir die Versandkosten! Bei Bestellungen unter CHF 50.- bitten wir um Verst\u00e4ndnis, dass Versandkosten in H\u00f6he von CHF 8.90 anfallen. Bestellungen verpflichten den Kunden grunds\u00e4tzlich zur Abnahme der Produkte. Nachtr\u00e4gliche [&hellip;]<\/p>\n","protected":false},"author":2,"featured_media":0,"parent":0,"menu_order":0,"comment_status":"closed","ping_status":"closed","template":"","meta":{"footnotes":""},"class_list":["post-2274","page","type-page","status-publish","hentry"],"_links":{"self":[{"href":"https:\/\/www.fleurop-home.ch\/de-ch\/wp-json\/wp\/v2\/pages\/2274","targetHints":{"allow":["GET"]}}],"collection":[{"href":"https:\/\/www.fleurop-home.ch\/de-ch\/wp-json\/wp\/v2\/pages"}],"about":[{"href":"https:\/\/www.fleurop-home.ch\/de-ch\/wp-json\/wp\/v2\/types\/page"}],"author":[{"embeddable":true,"href":"https:\/\/www.fleurop-home.ch\/de-ch\/wp-json\/wp\/v2\/users\/2"}],"replies":[{"embeddable":true,"href":"https:\/\/www.fleurop-home.ch\/de-ch\/wp-json\/wp\/v2\/comments?post=2274"}],"version-history":[{"count":0,"href":"https:\/\/www.fleurop-home.ch\/de-ch\/wp-json\/wp\/v2\/pages\/2274\/revisions"}],"wp:attachment":[{"href":"https:\/\/www.fleurop-home.ch\/de-ch\/wp-json\/wp\/v2\/media?parent=2274"}],"curies":[{"name":"wp","href":"https:\/\/api.w.org\/{rel}","templated":true}]}}